{"id":1177,"date":"2023-12-27T12:14:55","date_gmt":"2023-12-27T11:14:55","guid":{"rendered":"https:\/\/www.rmsb.u-bordeaux.fr\/fr\/?page_id=1177"},"modified":"2023-12-27T12:17:40","modified_gmt":"2023-12-27T11:17:40","slug":"plan-du-site","status":"publish","type":"page","link":"https:\/\/www.rmsb.u-bordeaux.fr\/fr\/plan-du-site\/","title":{"rendered":"plan du site"},"content":{"rendered":"\n<div class=\"wsp-container\"><h2 class=\"wsp-pages-title\">Pages<\/h2>\n<ul class=\"wsp-pages-list\">\n<li class=\"page_item page-item-7 menu-item\"><a href=\"https:\/\/www.rmsb.u-bordeaux.fr\/fr\/\" class=\"menu-link\">Accueil<\/a><\/li>\n<li class=\"page_item page-item-30 menu-item\"><a href=\"https:\/\/www.rmsb.u-bordeaux.fr\/fr\/annuaire\/\" class=\"menu-link\">Annuaire<\/a><\/li>\n<li class=\"page_item page-item-2616 menu-item\"><a href=\"https:\/\/www.rmsb.u-bordeaux.fr\/fr\/collaboration-de-marie-josee\/\" class=\"menu-link\">COLLABORATION DE MARIE JOSEE<\/a><\/li>\n<li class=\"page_item page-item-2599 menu-item\"><a href=\"https:\/\/www.rmsb.u-bordeaux.fr\/fr\/colloques-de-mj-jv\/\" class=\"menu-link\">COLLOQUES DE mj jv<\/a><\/li>\n<li class=\"page_item page-item-19 menu-item\"><a href=\"https:\/\/www.rmsb.u-bordeaux.fr\/fr\/contact\/\" class=\"menu-link\">Contact<\/a><\/li>\n<li class=\"page_item page-item-32 menu-item\"><a href=\"https:\/\/www.rmsb.u-bordeaux.fr\/fr\/emploi\/\" class=\"menu-link\">Emploi<\/a><\/li>\n<li class=\"page_item page-item-18 menu-item\"><a href=\"https:\/\/www.rmsb.u-bordeaux.fr\/fr\/formation\/\" class=\"menu-link\">Formation<\/a><\/li>\n<li class=\"page_item page-item-17 page_item_has_children menu-item menu-item-has-children\"><a href=\"https:\/\/www.rmsb.u-bordeaux.fr\/fr\/la-recherche\/\" class=\"menu-link\">La recherche<\/a>\n<ul class='children'>\n\t<li class=\"page_item page-item-507 page_item_has_children menu-item menu-item-has-children\"><a href=\"https:\/\/www.rmsb.u-bordeaux.fr\/fr\/la-recherche\/equipe-imrt\/\" class=\"menu-link\">Equipe iMRT<\/a>\n\t<ul class='children'>\n\t\t<li class=\"page_item page-item-795 menu-item\"><a href=\"https:\/\/www.rmsb.u-bordeaux.fr\/fr\/la-recherche\/equipe-imrt\/enzymes-contraste-et-theranostic\/\" class=\"menu-link\">Enzymes, contraste et th\u00e9ranostic<\/a><\/li>\n\t\t<li class=\"page_item page-item-884 menu-item\"><a href=\"https:\/\/www.rmsb.u-bordeaux.fr\/fr\/la-recherche\/equipe-imrt\/imagerie-a-champs-faibles\/\" class=\"menu-link\">Imagerie \u00e0 champs faibles<\/a><\/li>\n\t\t<li class=\"page_item page-item-906 menu-item\"><a href=\"https:\/\/www.rmsb.u-bordeaux.fr\/fr\/la-recherche\/equipe-imrt\/irm-fonctionnelle-et-interventionnelle\/\" class=\"menu-link\">IRM fonctionnelle et interventionnelle<\/a><\/li>\n\t\t<li class=\"page_item page-item-918 menu-item\"><a href=\"https:\/\/www.rmsb.u-bordeaux.fr\/fr\/la-recherche\/equipe-imrt\/irm-quantitative-multi-parametrique\/\" class=\"menu-link\">IRM quantitative multi-param\u00e9trique<\/a><\/li>\n\t<\/ul>\n<\/li>\n\t<li class=\"page_item page-item-513 page_item_has_children menu-item menu-item-has-children\"><a href=\"https:\/\/www.rmsb.u-bordeaux.fr\/fr\/la-recherche\/equipe-metapat\/\" class=\"menu-link\">Equipe MetaPat<\/a>\n\t<ul class='children'>\n\t\t<li class=\"page_item page-item-811 menu-item\"><a href=\"https:\/\/www.rmsb.u-bordeaux.fr\/fr\/la-recherche\/equipe-metapat\/metabolisme-cerebral\/\" class=\"menu-link\">Metabolisme C\u00e9r\u00e9bral<\/a><\/li>\n\t\t<li class=\"page_item page-item-928 menu-item\"><a href=\"https:\/\/www.rmsb.u-bordeaux.fr\/fr\/la-recherche\/equipe-metapat\/devenir-de-lunite-neurovasculaire\/\" class=\"menu-link\">Devenir de l\u2019Unit\u00e9 Neurovasculaire<\/a><\/li>\n\t\t<li class=\"page_item page-item-930 menu-item\"><a href=\"https:\/\/www.rmsb.u-bordeaux.fr\/fr\/la-recherche\/equipe-metapat\/switches-metabolique-et-fonctionnel\/\" class=\"menu-link\">Switches m\u00e9tabolique et fonctionnel<\/a><\/li>\n\t\t<li class=\"page_item page-item-932 menu-item\"><a href=\"https:\/\/www.rmsb.u-bordeaux.fr\/fr\/la-recherche\/equipe-metapat\/theranostic-de-latherosclerose\/\" class=\"menu-link\">\u00a0Th\u00e9ranostic de l\u2019ath\u00e9roscl\u00e9rose<\/a><\/li>\n\t<\/ul>\n<\/li>\n<\/ul>\n<\/li>\n<li class=\"page_item page-item-16 page_item_has_children menu-item menu-item-has-children\"><a href=\"https:\/\/www.rmsb.u-bordeaux.fr\/fr\/le-laboratoire\/\" class=\"menu-link\">Laboratoire<\/a>\n<ul class='children'>\n\t<li class=\"page_item page-item-1124 menu-item\"><a href=\"https:\/\/www.rmsb.u-bordeaux.fr\/fr\/le-laboratoire\/organigramme\/\" class=\"menu-link\">organigramme<\/a><\/li>\n<\/ul>\n<\/li>\n<li class=\"page_item page-item-2145 menu-item\"><a href=\"https:\/\/www.rmsb.u-bordeaux.fr\/fr\/macrophage-et-atherosclerose\/\" class=\"menu-link\">macrophage et ath\u00e9roscl\u00e9rose<\/a><\/li>\n<li class=\"page_item page-item-2153 menu-item\"><a href=\"https:\/\/www.rmsb.u-bordeaux.fr\/fr\/microglies-ey-hin\/\" class=\"menu-link\">Microglies et HIN<\/a><\/li>\n<li class=\"page_item page-item-2378 menu-item\"><a href=\"https:\/\/www.rmsb.u-bordeaux.fr\/fr\/participation-a-des-colloques\/\" class=\"menu-link\">Participation \u00e0 des colloques<\/a><\/li>\n<li class=\"page_item page-item-1177 menu-item\"><a href=\"https:\/\/www.rmsb.u-bordeaux.fr\/fr\/plan-du-site\/\" class=\"menu-link\">plan du site<\/a><\/li>\n<li class=\"page_item page-item-2251 menu-item\"><a href=\"https:\/\/www.rmsb.u-bordeaux.fr\/fr\/projet-abcardionostics\/\" class=\"menu-link\">Projet ABCardionostics<\/a><\/li>\n<li class=\"page_item page-item-2306 menu-item\"><a href=\"https:\/\/www.rmsb.u-bordeaux.fr\/fr\/projet-lpcbiomab\/\" class=\"menu-link\">projet LPCbioMab<\/a><\/li>\n<li class=\"page_item page-item-2286 menu-item\"><a href=\"https:\/\/www.rmsb.u-bordeaux.fr\/fr\/projet-meap\/\" class=\"menu-link\">projet MEAP<\/a><\/li>\n<li class=\"page_item page-item-2369 menu-item\"><a href=\"https:\/\/www.rmsb.u-bordeaux.fr\/fr\/projet-nanobioid\/\" class=\"menu-link\">projet NanobioID<\/a><\/li>\n<li class=\"page_item page-item-2540 menu-item\"><a href=\"https:\/\/www.rmsb.u-bordeaux.fr\/fr\/publication-de-gisele-clofent-sanchez\/\" class=\"menu-link\">publication de gisele Clofent-Sanchez<\/a><\/li>\n<li class=\"page_item page-item-2526 menu-item\"><a href=\"https:\/\/www.rmsb.u-bordeaux.fr\/fr\/publication-de-mj-jacobin-valat\/\" class=\"menu-link\">publication de MJ JACOBIN-VALAT<\/a><\/li>\n<li class=\"page_item page-item-31 menu-item\"><a href=\"https:\/\/www.rmsb.u-bordeaux.fr\/fr\/publications\/\" class=\"menu-link\">Publications<\/a><\/li>\n<li class=\"page_item page-item-2548 menu-item\"><a href=\"https:\/\/www.rmsb.u-bordeaux.fr\/fr\/publications-de-mathilde-ragues\/\" class=\"menu-link\">PUBLICATIONS DE MATHILDE RAGUES<\/a><\/li>\n<li class=\"page_item page-item-2562 menu-item\"><a href=\"https:\/\/www.rmsb.u-bordeaux.fr\/fr\/publications-de-stephane-sanchez\/\" class=\"menu-link\">publications de st\u00e9phane sanchez<\/a><\/li>\n<\/ul>\n<h2 class=\"wsp-posts-title\">Articles par cat\u00e9gorie<\/h2>\n<ul class=\"wsp-posts-list\">\n\t<li><strong class=\"wsp-category-title\">Cat\u00e9gorie\u00a0: <a href=\"https:\/\/www.rmsb.u-bordeaux.fr\/fr\/category\/imagerie-resonance-magnetique\/\">Equipe iMRT<\/a><\/strong>\n<ul class=\"wsp-posts-list\">\t\t<li class=\"wsp-post\"><a href=\"https:\/\/www.rmsb.u-bordeaux.fr\/fr\/publication-mieux-controler-ablation-thermique-tumeur\/\">Publication : Mieux contr\u00f4ler l&rsquo;ablation thermique d&rsquo;une tumeur<\/a><\/li>\n\t\t<li class=\"wsp-post\"><a href=\"https:\/\/www.rmsb.u-bordeaux.fr\/fr\/rri-impact-matinee-cloture\/\">RRI IMPACT : Retour sur la matin\u00e9e de cl\u00f4ture<\/a><\/li>\n\t\t<li class=\"wsp-post\"><a href=\"https:\/\/www.rmsb.u-bordeaux.fr\/fr\/soutenance-de-these-elise-cosenza\/\">Soutenance de th\u00e8se Elise Cosenza<\/a><\/li>\n\t\t<li class=\"wsp-post\"><a href=\"https:\/\/www.rmsb.u-bordeaux.fr\/fr\/1er-symposium-sur-lirm-bas-champ\/\">1er symposium sur l&rsquo;IRM bas-champ<\/a><\/li>\n\t\t<li class=\"wsp-post\"><a href=\"https:\/\/www.rmsb.u-bordeaux.fr\/fr\/lequipe-imrt-participe-au-1er-du-de-neuro-education\/\">L&rsquo;\u00e9quipe iMRT participe au 1er DU de Neuro-Education<\/a><\/li>\n\t\t<li class=\"wsp-post\"><a href=\"https:\/\/www.rmsb.u-bordeaux.fr\/fr\/le-rmsb-au-challenge-du-ruban-rose\/\">Le RMSB au challenge du ruban rose<\/a><\/li>\n\t\t<li class=\"wsp-post\"><a href=\"https:\/\/www.rmsb.u-bordeaux.fr\/fr\/lirm-ultra-bas-champ-a-la-fete-de-la-science\/\">L&rsquo;IRM ultra-bas champ \u00e0 la f\u00eate de la science<\/a><\/li>\n\t\t<li class=\"wsp-post\"><a href=\"https:\/\/www.rmsb.u-bordeaux.fr\/fr\/lequipe-imrt-au-congres-esmrmb-2025\/\">L&rsquo;\u00e9quipe iMRT au congr\u00e8s ESMRMB 2025<\/a><\/li>\n\t\t<li class=\"wsp-post\"><a href=\"https:\/\/www.rmsb.u-bordeaux.fr\/fr\/presentations-au-congres-ieee-ius-2025\/\">Pr\u00e9sentations au congr\u00e8s IEEE IUS 2025<\/a><\/li>\n\t\t<li class=\"wsp-post\"><a href=\"https:\/\/www.rmsb.u-bordeaux.fr\/fr\/prix-digital-twin-builder-for-health-incubator\/\">Prix \u00ab\u00a0Digital Twin Builder for Health Incubator\u00a0\u00bb<\/a><\/li>\n\t\t<li class=\"wsp-post\"><a href=\"https:\/\/www.rmsb.u-bordeaux.fr\/fr\/presentation-au-congres-ismrm-2025\/\">Pr\u00e9sentation au congr\u00e8s ISMRM 2025<\/a><\/li>\n\t\t<li class=\"wsp-post\"><a href=\"https:\/\/www.rmsb.u-bordeaux.fr\/fr\/rencontre-projet-irp-opteam\/\">Rencontre projet IRP-OpTEAM<\/a><\/li>\n\t\t<li class=\"wsp-post\"><a href=\"https:\/\/www.rmsb.u-bordeaux.fr\/fr\/soutenance-hdr-valery-ozenne\/\">Soutenance HDR Valery Ozenne<\/a><\/li>\n\t\t<li class=\"wsp-post\"><a href=\"https:\/\/www.rmsb.u-bordeaux.fr\/fr\/presentation-des-travaux-de-lequipe-imrt-a-la-journee-avancees-perspectives-des-nouvelles-technologies-en-imagerie-medicale\/\">Pr\u00e9sentation des travaux de l&rsquo;\u00e9quipe iMRT \u00e0 la journ\u00e9e \u00ab\u00a0avanc\u00e9es &#038; perspectives des nouvelles technologies en imagerie m\u00e9dicale\u00a0\u00bb<\/a><\/li>\n\t\t<li class=\"wsp-post\"><a href=\"https:\/\/www.rmsb.u-bordeaux.fr\/fr\/remise-de-la-medaille-du-travail-a-phillipe-massot\/\">Remise de la m\u00e9daille du travail \u00e0 Phillipe Massot<\/a><\/li>\n\t\t<li class=\"wsp-post\"><a href=\"https:\/\/www.rmsb.u-bordeaux.fr\/fr\/participation-de-lequipe-imrt-aux-journees-fli-2024\/\">Participation de l&rsquo;\u00e9quipe iMRT aux journ\u00e9es FLI 2024<\/a><\/li>\n\t\t<li class=\"wsp-post\"><a href=\"https:\/\/www.rmsb.u-bordeaux.fr\/fr\/participation-a-la-semaine-de-linnovation\/\">Participation \u00e0 la semaine de l&rsquo;innovation<\/a><\/li>\n\t\t<li class=\"wsp-post\"><a href=\"https:\/\/www.rmsb.u-bordeaux.fr\/fr\/participation-au-3e-symposium-research-on-the-biology-and-disease-of-ageing\/\">Participation au 3e symposium \u00ab\u00a0Research on the Biology and Disease of Ageing\u00a0\u00bb<\/a><\/li>\n\t\t<li class=\"wsp-post\"><a href=\"https:\/\/www.rmsb.u-bordeaux.fr\/fr\/laxe-bas-champ-a-lecole-dete-2024-de-neuroepidemiologie\/\">L\u2019axe \u00ab\u00a0Champs faibles\u00a0\u00bb \u00e0 l\u2019\u00e9cole d\u2019\u00e9t\u00e9 2024 de neuro\u00e9pid\u00e9miologie<\/a><\/li>\n\t\t<li class=\"wsp-post\"><a href=\"https:\/\/www.rmsb.u-bordeaux.fr\/fr\/la-correction-du-mouvement-pour-des-cartes-t2-en-3d-de-qualite\/\">La correction du mouvement pour des cartes T2 en 3D de qualit\u00e9<\/a><\/li>\n\t\t<li class=\"wsp-post\"><a href=\"https:\/\/www.rmsb.u-bordeaux.fr\/fr\/lequipe-imrt-aux-journees-francaises-de-radiologies-2024\/\">L&rsquo;\u00e9quipe iMRT aux Journ\u00e9es Fran\u00e7aises de Radiologies 2024<\/a><\/li>\n\t\t<li class=\"wsp-post\"><a href=\"https:\/\/www.rmsb.u-bordeaux.fr\/fr\/soutenance-de-these-manon-desclides\/\">Soutenance de th\u00e8se Manon Desclides<\/a><\/li>\n\t\t<li class=\"wsp-post\"><a href=\"https:\/\/www.rmsb.u-bordeaux.fr\/fr\/lequipe-imrt-a-linauguration-de-lihu-vbhi\/\">L&rsquo;\u00e9quipe iMRT \u00e0 l&rsquo;inauguration de l&rsquo;IHU VBHI<\/a><\/li>\n\t\t<li class=\"wsp-post\"><a href=\"https:\/\/www.rmsb.u-bordeaux.fr\/fr\/presentation-journee-impact-2024\/\">Pr\u00e9sentation journ\u00e9e IMPACT 2024<\/a><\/li>\n\t\t<li class=\"wsp-post\"><a href=\"https:\/\/www.rmsb.u-bordeaux.fr\/fr\/presentation-au-workshop-ihu-liryc-2024\/\">Pr\u00e9sentation au workshop IHU Liryc 2024<\/a><\/li>\n\t\t<li class=\"wsp-post\"><a href=\"https:\/\/www.rmsb.u-bordeaux.fr\/fr\/offre-post-doc\/\">Offre POST-DOC<\/a><\/li>\n\t\t<li class=\"wsp-post\"><a href=\"https:\/\/www.rmsb.u-bordeaux.fr\/fr\/publication-msme-cs-subspace\/\">Publication MSME CS Subspace<\/a><\/li>\n\t\t<li class=\"wsp-post\"><a href=\"https:\/\/www.rmsb.u-bordeaux.fr\/fr\/equipe-imrt-a-journee-de-neuro-imagerie-chez-lhumain\/\">Journ\u00e9e de Neuro-Imagerie chez l&rsquo;humain 2024<\/a><\/li>\n\t\t<li class=\"wsp-post\"><a href=\"https:\/\/www.rmsb.u-bordeaux.fr\/fr\/soutenance-de-these-e-kadalie\/\">Soutenance de th\u00e8se E. Kadalie<\/a><\/li>\n\t\t<li class=\"wsp-post\"><a href=\"https:\/\/www.rmsb.u-bordeaux.fr\/fr\/participation-aux-journees-inter-reseaux-de-france-life-imaging\/\">Participation aux journ\u00e9es Inter-r\u00e9seaux de France Life Imaging<\/a><\/li>\n\t\t<li class=\"wsp-post\"><a href=\"https:\/\/www.rmsb.u-bordeaux.fr\/fr\/bordeaux-imaging-workshop\/\">Bordeaux Imaging Workshop<\/a><\/li>\n\t\t<li class=\"wsp-post\"><a href=\"https:\/\/www.rmsb.u-bordeaux.fr\/fr\/statistical-analyses-of-motion-corrupted-mri-relaxometry-data-computed-from-multiple-scans\/\">Statistical analyses of motion-corrupted MRI relaxometry data computed from multiple scans<\/a><\/li>\n\t\t<li class=\"wsp-post\"><a href=\"https:\/\/www.rmsb.u-bordeaux.fr\/fr\/circuit-scientifique-bordelais\/\">Circuit Scientifique Bordelais<\/a><\/li>\n\t\t<li class=\"wsp-post\"><a href=\"https:\/\/www.rmsb.u-bordeaux.fr\/fr\/rapid-whole-brain-3d-t2-mapping-respiratory-resolved-double-echo-steady-state-dess-sequence-with-improved-repeatability\/\">Rapid whole brain 3D T2 mapping respiratory-resolved Double-Echo Steady State (DESS) sequence with improved repeatability<\/a><\/li>\n\t<li><strong class=\"wsp-category-title\">Cat\u00e9gorie\u00a0: <a href=\"https:\/\/www.rmsb.u-bordeaux.fr\/fr\/category\/imagerie-resonance-magnetique\/enzymes-contraste-et-theranostic\/\">Enzymes, contraste et th\u00e9ranostic<\/a><\/strong>\n<ul class=\"wsp-posts-list\">\t\t<li class=\"wsp-post\"><a href=\"https:\/\/www.rmsb.u-bordeaux.fr\/fr\/le-crmsb-a-la-journee-scientifique-du-departement-sts\/\">Le CRMSB \u00e0 la journ\u00e9e scientifique du D\u00e9partement STS<\/a><\/li>\n\t\t<li class=\"wsp-post\"><a href=\"https:\/\/www.rmsb.u-bordeaux.fr\/fr\/une-nouvelle-publication-sur-un-nouvel-agent-de-contraste-a-tres-bas-champ\/\">Une nouvelle publication sur un nouvel agent de contraste \u00e0 tr\u00e8s bas champ !<\/a><\/li>\n\t\t<li class=\"wsp-post\"><a href=\"https:\/\/www.rmsb.u-bordeaux.fr\/fr\/les-alkoxyamines-comme-agents-anti-cancereux\/\">Les alkoxyamines comme agents anti-canc\u00e9reux<\/a><\/li>\n\t\t<li class=\"wsp-post\"><a href=\"https:\/\/www.rmsb.u-bordeaux.fr\/fr\/2e-rencontre-chimie-biologie-de-luniversite-de-bordeaux\/\">2e rencontre Chimie-Biologie de l\u2019Universit\u00e9 de Bordeaux<\/a><\/li>\n<\/ul><\/li>\n\t<li><strong class=\"wsp-category-title\">Cat\u00e9gorie\u00a0: <a href=\"https:\/\/www.rmsb.u-bordeaux.fr\/fr\/category\/imagerie-resonance-magnetique\/imagerie-a-champs-faibles\/\">Imagerie \u00e0 Champs faibles<\/a><\/strong>\n<\/li>\n\t<li><strong class=\"wsp-category-title\">Cat\u00e9gorie\u00a0: <a href=\"https:\/\/www.rmsb.u-bordeaux.fr\/fr\/category\/imagerie-resonance-magnetique\/irm-fonctionnelle-et-interventionnelle\/\">IRM fonctionnelle et interventionnelle<\/a><\/strong>\n<\/li>\n\t<li><strong class=\"wsp-category-title\">Cat\u00e9gorie\u00a0: <a href=\"https:\/\/www.rmsb.u-bordeaux.fr\/fr\/category\/imagerie-resonance-magnetique\/irm-quantitative-multi-parametrique\/\">IRM quantitative multi-param\u00e9trique<\/a><\/strong>\n<\/li>\n<\/ul><\/li>\n\t<li><strong class=\"wsp-category-title\">Cat\u00e9gorie\u00a0: <a href=\"https:\/\/www.rmsb.u-bordeaux.fr\/fr\/category\/metapat\/\">Equipe MetaPat<\/a><\/strong>\n<ul class=\"wsp-posts-list\">\t\t<li class=\"wsp-post\"><a href=\"https:\/\/www.rmsb.u-bordeaux.fr\/fr\/hdr-florence-ottones\/\">Habilitation \u00e0 Diriger les Recherches de Florence Ottones<\/a><\/li>\n\t\t<li class=\"wsp-post\"><a href=\"https:\/\/www.rmsb.u-bordeaux.fr\/fr\/presentation-du-dr-bourdel-marchasson-au-20e-congres-eugms\/\">Pr\u00e9sentation du Dr Bourdel-Marchasson au 20e congr\u00e8s EuGMS<\/a><\/li>\n\t\t<li class=\"wsp-post\"><a href=\"https:\/\/www.rmsb.u-bordeaux.fr\/fr\/congres-de-lesmrmb-2023\/\">Congr\u00e8s de l\u2019ESMRMB 2023<\/a><\/li>\n\t<li><strong class=\"wsp-category-title\">Cat\u00e9gorie\u00a0: <a href=\"https:\/\/www.rmsb.u-bordeaux.fr\/fr\/category\/metapat\/brain-metabolism\/\">Brain Metabolism<\/a><\/strong>\n<ul class=\"wsp-posts-list\">\t\t<li class=\"wsp-post\"><a href=\"https:\/\/www.rmsb.u-bordeaux.fr\/fr\/soutenance-de-these-pierre-goudeneche\/\">Soutenance de th\u00e8se Pierre Goudeneche<\/a><\/li>\n\t\t<li class=\"wsp-post\"><a href=\"https:\/\/www.rmsb.u-bordeaux.fr\/fr\/bonne-annee-2026\/\">Bonne ann\u00e9e 2026 !!<\/a><\/li>\n\t\t<li class=\"wsp-post\"><a href=\"https:\/\/www.rmsb.u-bordeaux.fr\/fr\/anne-karine-bouzier-sore-laureate-du-premier-palmares-forbes-france-50-over-50\/\">Anne-Karine Bouzier-Sore, laur\u00e9ate du premier palmar\u00e8s Forbes France 50 over 50<\/a><\/li>\n\t\t<li class=\"wsp-post\"><a href=\"https:\/\/www.rmsb.u-bordeaux.fr\/fr\/participation-du-crmsb-au-congres-de-la-sfrmbm\/\">Participation du CRMSB au congr\u00e8s de la SFRMBM<\/a><\/li>\n\t\t<li class=\"wsp-post\"><a href=\"https:\/\/www.rmsb.u-bordeaux.fr\/fr\/joyeux-noel-et-bonne-annee-2025\/\">Joyeux No\u00ebl et bonne ann\u00e9e 2025 !<\/a><\/li>\n\t\t<li class=\"wsp-post\"><a href=\"https:\/\/www.rmsb.u-bordeaux.fr\/fr\/participation-au-congres-neuro-oncology-meets-neurosciences\/\">Participation au congr\u00e8s \u00ab\u00a0Neuro-oncology meets Neurosciences\u00a0\u00bb<\/a><\/li>\n\t\t<li class=\"wsp-post\"><a href=\"https:\/\/www.rmsb.u-bordeaux.fr\/fr\/syndrome-de-deficit-en-glut1\/\">Syndrome de D\u00e9ficit en GLUT1<\/a><\/li>\n\t\t<li class=\"wsp-post\"><a href=\"https:\/\/www.rmsb.u-bordeaux.fr\/fr\/journee-sts-2023\/\">Journ\u00e9e STS 2023<\/a><\/li>\n\t\t<li class=\"wsp-post\"><a href=\"https:\/\/www.rmsb.u-bordeaux.fr\/fr\/vulgarisation\/\">Vulgarisation<\/a><\/li>\n<\/ul><\/li>\n\t<li><strong class=\"wsp-category-title\">Cat\u00e9gorie\u00a0: <a href=\"https:\/\/www.rmsb.u-bordeaux.fr\/fr\/category\/metapat\/devenir-de-lunite-neurovasculaire\/\">Devenir de l\u2019Unit\u00e9 Neurovasculaire<\/a><\/strong>\n<ul class=\"wsp-posts-list\">\t\t<li class=\"wsp-post\"><a href=\"https:\/\/www.rmsb.u-bordeaux.fr\/fr\/nouvelle-publication-trends-in-neurosciences\/\">Nouvelle publication \u00ab\u00a0Trends in Neurosciences\u00a0\u00bb<\/a><\/li>\n<\/ul><\/li>\n\t<li><strong class=\"wsp-category-title\">Cat\u00e9gorie\u00a0: <a href=\"https:\/\/www.rmsb.u-bordeaux.fr\/fr\/category\/metapat\/switches-metabolique-et-fonctionnel\/\">Switches m\u00e9tabolique et fonctionnel<\/a><\/strong>\n<\/li>\n\t<li><strong class=\"wsp-category-title\">Cat\u00e9gorie\u00a0: <a href=\"https:\/\/www.rmsb.u-bordeaux.fr\/fr\/category\/metapat\/theranostic-de-latherosclerose\/\">Th\u00e9ranostic de l\u2019ath\u00e9roscl\u00e9rose<\/a><\/strong>\n<\/li>\n<\/ul><\/li>\n\t<li><strong class=\"wsp-category-title\">Cat\u00e9gorie\u00a0: <a href=\"https:\/\/www.rmsb.u-bordeaux.fr\/fr\/category\/uncategorized\/\">Uncategorized<\/a><\/strong>\n<ul class=\"wsp-posts-list\">\t\t<li class=\"wsp-post\"><a href=\"https:\/\/www.rmsb.u-bordeaux.fr\/fr\/cest-la-rentree-pour-le-master-dirm-biomedicale\/\">C&rsquo;est la rentr\u00e9e pour le Master d&rsquo;IRM biom\u00e9dicale !<\/a><\/li>\n\t\t<li class=\"wsp-post\"><a href=\"https:\/\/www.rmsb.u-bordeaux.fr\/fr\/offre-de-stage-master-2\/\">Offre de stage Master 2<\/a><\/li>\n\t\t<li class=\"wsp-post\"><a href=\"https:\/\/www.rmsb.u-bordeaux.fr\/fr\/cristal-collectif-cnrs-henri-valeins\/\">Cristal collectif CNRS (Henri Valeins)<\/a><\/li>\n<\/ul><\/li>\n<\/ul>\n<\/div>\n","protected":false},"excerpt":{"rendered":"<p>&nbsp;&nbsp;<\/p>\n","protected":false},"author":1,"featured_media":0,"parent":0,"menu_order":0,"comment_status":"closed","ping_status":"closed","template":"","meta":{"site-sidebar-layout":"default","site-content-layout":"","ast-site-content-layout":"","site-content-style":"default","site-sidebar-style":"default","ast-global-header-display":"","ast-banner-title-visibility":"","ast-main-header-display":"","ast-hfb-above-header-display":"","ast-hfb-below-header-display":"","ast-hfb-mobile-header-display":"","site-post-title":"","ast-breadcrumbs-content":"","ast-featured-img":"","footer-sml-layout":"","theme-transparent-header-meta":"","adv-header-id-meta":"","stick-header-meta":"","header-above-stick-meta":"","header-main-stick-meta":"","header-below-stick-meta":"","astra-migrate-meta-layouts":"","ast-page-background-enabled":"default","ast-page-background-meta":{"desktop":{"background-color":"var(--ast-global-color-4)","background-image":"","background-repeat":"repeat","background-position":"center center","background-size":"auto","background-attachment":"scroll","background-type":"","background-media":"","overlay-type":"","overlay-color":"","overlay-gradient":""},"tablet":{"background-color":"","background-image":"","background-repeat":"repeat","background-position":"center center","background-size":"auto","background-attachment":"scroll","background-type":"","background-media":"","overlay-type":"","overlay-color":"","overlay-gradient":""},"mobile":{"background-color":"","background-image":"","background-repeat":"repeat","background-position":"center center","background-size":"auto","background-attachment":"scroll","background-type":"","background-media":"","overlay-type":"","overlay-color":"","overlay-gradient":""}},"ast-content-background-meta":{"desktop":{"background-color":"var(--ast-global-color-5)","background-image":"","background-repeat":"repeat","background-position":"center center","background-size":"auto","background-attachment":"scroll","background-type":"","background-media":"","overlay-type":"","overlay-color":"","overlay-gradient":""},"tablet":{"background-color":"var(--ast-global-color-5)","background-image":"","background-repeat":"repeat","background-position":"center center","background-size":"auto","background-attachment":"scroll","background-type":"","background-media":"","overlay-type":"","overlay-color":"","overlay-gradient":""},"mobile":{"background-color":"var(--ast-global-color-5)","background-image":"","background-repeat":"repeat","background-position":"center center","background-size":"auto","background-attachment":"scroll","background-type":"","background-media":"","overlay-type":"","overlay-color":"","overlay-gradient":""}},"footnotes":""},"_links":{"self":[{"href":"https:\/\/www.rmsb.u-bordeaux.fr\/fr\/wp-json\/wp\/v2\/pages\/1177"}],"collection":[{"href":"https:\/\/www.rmsb.u-bordeaux.fr\/fr\/wp-json\/wp\/v2\/pages"}],"about":[{"href":"https:\/\/www.rmsb.u-bordeaux.fr\/fr\/wp-json\/wp\/v2\/types\/page"}],"author":[{"embeddable":true,"href":"https:\/\/www.rmsb.u-bordeaux.fr\/fr\/wp-json\/wp\/v2\/users\/1"}],"replies":[{"embeddable":true,"href":"https:\/\/www.rmsb.u-bordeaux.fr\/fr\/wp-json\/wp\/v2\/comments?post=1177"}],"version-history":[{"count":2,"href":"https:\/\/www.rmsb.u-bordeaux.fr\/fr\/wp-json\/wp\/v2\/pages\/1177\/revisions"}],"predecessor-version":[{"id":1179,"href":"https:\/\/www.rmsb.u-bordeaux.fr\/fr\/wp-json\/wp\/v2\/pages\/1177\/revisions\/1179"}],"wp:attachment":[{"href":"https:\/\/www.rmsb.u-bordeaux.fr\/fr\/wp-json\/wp\/v2\/media?parent=1177"}],"curies":[{"name":"wp","href":"https:\/\/api.w.org\/{rel}","templated":true}]}}