{"id":19,"date":"2023-12-05T12:34:50","date_gmt":"2023-12-05T12:34:50","guid":{"rendered":"http:\/\/192.168.10.216\/?page_id=19"},"modified":"2023-12-27T12:08:32","modified_gmt":"2023-12-27T11:08:32","slug":"contact","status":"publish","type":"page","link":"https:\/\/www.rmsb.u-bordeaux.fr\/fr\/contact\/","title":{"rendered":"Contact"},"content":{"rendered":"\t\t<div data-elementor-type=\"wp-page\" data-elementor-id=\"19\" class=\"elementor elementor-19\">\n\t\t\t\t<div class=\"elementor-element elementor-element-6ed5ada e-flex e-con-boxed wpr-particle-no wpr-jarallax-no wpr-parallax-no wpr-sticky-section-no e-con e-parent\" data-id=\"6ed5ada\" data-element_type=\"container\">\n\t\t\t\t\t<div class=\"e-con-inner\">\n\t\t\t\t<div class=\"elementor-element elementor-element-ccc38d9 elementor-widget elementor-widget-heading\" data-id=\"ccc38d9\" data-element_type=\"widget\" data-widget_type=\"heading.default\">\n\t\t\t\t<div class=\"elementor-widget-container\">\n\t\t\t<style>\/*! elementor - v3.21.0 - 26-05-2024 *\/\n.elementor-heading-title{padding:0;margin:0;line-height:1}.elementor-widget-heading .elementor-heading-title[class*=elementor-size-]>a{color:inherit;font-size:inherit;line-height:inherit}.elementor-widget-heading .elementor-heading-title.elementor-size-small{font-size:15px}.elementor-widget-heading .elementor-heading-title.elementor-size-medium{font-size:19px}.elementor-widget-heading .elementor-heading-title.elementor-size-large{font-size:29px}.elementor-widget-heading .elementor-heading-title.elementor-size-xl{font-size:39px}.elementor-widget-heading .elementor-heading-title.elementor-size-xxl{font-size:59px}<\/style><h1 class=\"elementor-heading-title elementor-size-default\">Contact<\/h1>\t\t<\/div>\n\t\t\t\t<\/div>\n\t\t\t\t\t<\/div>\n\t\t\t\t<\/div>\n\t\t<div class=\"elementor-element elementor-element-0f26ae9 e-flex e-con-boxed wpr-particle-no wpr-jarallax-no wpr-parallax-no wpr-sticky-section-no e-con e-parent\" data-id=\"0f26ae9\" data-element_type=\"container\">\n\t\t\t\t\t<div class=\"e-con-inner\">\n\t\t<div class=\"elementor-element elementor-element-e71fbf0 e-con-full e-flex wpr-particle-no wpr-jarallax-no wpr-parallax-no wpr-sticky-section-no e-con e-child\" data-id=\"e71fbf0\" data-element_type=\"container\">\n\t\t\t\t<div class=\"elementor-element elementor-element-ae9241d elementor-widget elementor-widget-heading\" data-id=\"ae9241d\" data-element_type=\"widget\" data-widget_type=\"heading.default\">\n\t\t\t\t<div class=\"elementor-widget-container\">\n\t\t\t<h2 class=\"elementor-heading-title elementor-size-default\">CRMSB-UMR5536<\/h2>\t\t<\/div>\n\t\t\t\t<\/div>\n\t\t\t\t<div class=\"elementor-element elementor-element-5b67eba elementor-widget elementor-widget-text-editor\" data-id=\"5b67eba\" data-element_type=\"widget\" data-widget_type=\"text-editor.default\">\n\t\t\t\t<div class=\"elementor-widget-container\">\n\t\t\t<style>\/*! elementor - v3.21.0 - 26-05-2024 *\/\n.elementor-widget-text-editor.elementor-drop-cap-view-stacked .elementor-drop-cap{background-color:#69727d;color:#fff}.elementor-widget-text-editor.elementor-drop-cap-view-framed .elementor-drop-cap{color:#69727d;border:3px solid;background-color:transparent}.elementor-widget-text-editor:not(.elementor-drop-cap-view-default) .elementor-drop-cap{margin-top:8px}.elementor-widget-text-editor:not(.elementor-drop-cap-view-default) .elementor-drop-cap-letter{width:1em;height:1em}.elementor-widget-text-editor .elementor-drop-cap{float:left;text-align:center;line-height:1;font-size:50px}.elementor-widget-text-editor .elementor-drop-cap-letter{display:inline-block}<\/style>\t\t\t\t<p><strong>Le CRMSB<\/strong> se trouve au premier \u00e9tage du b\u00e2timent IBIO. L\u2019acc\u00e8s se fait par l\u2019<a href=\"https:\/\/www.chu-bordeaux.fr\/CHU-de-Bordeaux\/H%C3%B4pitaux-et-sites-du-CHU\/Plan-groupe-hospitalier-pellegrin-chu-bordeaux.pdf\/\" target=\"_blank\" rel=\"noopener noreferrer\">entr\u00e9e du CHU Pellegrin<\/a>, le b\u00e2timent IBIO se trouvant juste apr\u00e8s celui du tripode. En tram, prendre la\u00a0<a href=\"https:\/\/www.infotbm.com\/ligne\/A\" target=\"_blank\" rel=\"noopener noreferrer\">ligne A<\/a>, arr\u00eat H\u00f4pital Pellegrin. Itin\u00e9raire depuis le tram :\u00a0<a href=\"https:\/\/www.google.fr\/maps\/dir\/44.830102,-0.604598\/44.82836,-0.60573\/@44.8292447,-0.6066088,17z\/data=!3m1!4b1!4m6!4m5!1m1!4e1!1m1!4e1!3e2?hl=en\" target=\"_blank\" rel=\"noopener noreferrer\">google.map<\/a><\/p>\t\t\t\t\t\t<\/div>\n\t\t\t\t<\/div>\n\t\t\t\t<div class=\"elementor-element elementor-element-9908edb elementor-widget elementor-widget-image\" data-id=\"9908edb\" data-element_type=\"widget\" data-widget_type=\"image.default\">\n\t\t\t\t<div class=\"elementor-widget-container\">\n\t\t\t<style>\/*! elementor - v3.21.0 - 26-05-2024 *\/\n.elementor-widget-image{text-align:center}.elementor-widget-image a{display:inline-block}.elementor-widget-image a img[src$=\".svg\"]{width:48px}.elementor-widget-image img{vertical-align:middle;display:inline-block}<\/style>\t\t\t\t\t\t\t\t\t\t<img fetchpriority=\"high\" decoding=\"async\" width=\"300\" height=\"215\" src=\"https:\/\/www.rmsb.u-bordeaux.fr\/wp-content\/uploads\/2023\/12\/illus_ibio-gin-imn-300x215-1.jpg\" class=\"attachment-full size-full wp-image-993\" alt=\"\" \/>\t\t\t\t\t\t\t\t\t\t\t\t\t<\/div>\n\t\t\t\t<\/div>\n\t\t\t\t<div class=\"elementor-element elementor-element-8339eb5 elementor-widget elementor-widget-text-editor\" data-id=\"8339eb5\" data-element_type=\"widget\" data-widget_type=\"text-editor.default\">\n\t\t\t\t<div class=\"elementor-widget-container\">\n\t\t\t\t\t\t\t<p><strong>Adresse :<\/strong><br \/>146, rue L\u00e9o Saignat<br \/>B\u00e2timent 4A \u2013 Zone Nord<br \/>Entr\u00e9e H\u00f4pital Pellegrin<br \/>33076 Bordeaux Cedex<\/p><p><strong>Tel :\u00a0<\/strong>+33 5 57 57 10 40<br \/><strong>Fax :<\/strong>\u00a0+33 5 57 57 45 56<\/p><p><strong>Mel :<\/strong>\u00a0nom.prenom@rmsb.u-bordeaux.fr<\/p>\t\t\t\t\t\t<\/div>\n\t\t\t\t<\/div>\n\t\t\t\t<\/div>\n\t\t<div class=\"elementor-element elementor-element-2b8a020 e-con-full e-flex wpr-particle-no wpr-jarallax-no wpr-parallax-no wpr-sticky-section-no e-con e-child\" data-id=\"2b8a020\" data-element_type=\"container\">\n\t\t\t\t<div class=\"elementor-element elementor-element-15b2edc elementor-widget elementor-widget-google_maps\" data-id=\"15b2edc\" data-element_type=\"widget\" data-widget_type=\"google_maps.default\">\n\t\t\t\t<div class=\"elementor-widget-container\">\n\t\t\t<style>\/*! elementor - v3.21.0 - 26-05-2024 *\/\n.elementor-widget-google_maps .elementor-widget-container{overflow:hidden}.elementor-widget-google_maps .elementor-custom-embed{line-height:0}.elementor-widget-google_maps iframe{height:300px}<\/style>\t\t<div class=\"elementor-custom-embed\">\n\t\t\t<iframe loading=\"lazy\"\n\t\t\t\t\tsrc=\"https:\/\/maps.google.com\/maps?q=44.8283600%2C%20-0.6057300&#038;t=m&#038;z=18&#038;output=embed&#038;iwloc=near\"\n\t\t\t\t\ttitle=\"44.8283600, -0.6057300\"\n\t\t\t\t\taria-label=\"44.8283600, -0.6057300\"\n\t\t\t><\/iframe>\n\t\t<\/div>\n\t\t\t\t<\/div>\n\t\t\t\t<\/div>\n\t\t\t\t<\/div>\n\t\t\t\t\t<\/div>\n\t\t\t\t<\/div>\n\t\t<div class=\"elementor-element elementor-element-d642e08 e-flex e-con-boxed wpr-particle-no wpr-jarallax-no wpr-parallax-no wpr-sticky-section-no e-con e-parent\" data-id=\"d642e08\" data-element_type=\"container\">\n\t\t\t\t\t<div class=\"e-con-inner\">\n\t\t\t\t\t<\/div>\n\t\t\t\t<\/div>\n\t\t\t\t<\/div>\n\t\t","protected":false},"excerpt":{"rendered":"<p>Contact CRMSB-UMR5536 Le CRMSB se trouve au premier \u00e9tage du b\u00e2timent IBIO. L\u2019acc\u00e8s se fait par l\u2019entr\u00e9e du CHU Pellegrin, le b\u00e2timent IBIO se trouvant juste apr\u00e8s celui du tripode. En tram, prendre la\u00a0ligne A, arr\u00eat H\u00f4pital Pellegrin. Itin\u00e9raire depuis le tram :\u00a0google.map Adresse :146, rue L\u00e9o SaignatB\u00e2timent 4A \u2013 Zone NordEntr\u00e9e H\u00f4pital Pellegrin33076 Bordeaux Cedex Tel :\u00a0+33 5 57 57 10 40Fax :\u00a0+33 5 57 57 45 56 Mel :\u00a0nom.prenom@rmsb.u-bordeaux.fr<\/p>\n","protected":false},"author":1,"featured_media":0,"parent":0,"menu_order":0,"comment_status":"closed","ping_status":"closed","template":"","meta":{"site-sidebar-layout":"no-sidebar","site-content-layout":"","ast-site-content-layout":"full-width-container","site-content-style":"default","site-sidebar-style":"default","ast-global-header-display":"","ast-banner-title-visibility":"","ast-main-header-display":"","ast-hfb-above-header-display":"","ast-hfb-below-header-display":"","ast-hfb-mobile-header-display":"","site-post-title":"disabled","ast-breadcrumbs-content":"","ast-featured-img":"disabled","footer-sml-layout":"","theme-transparent-header-meta":"","adv-header-id-meta":"","stick-header-meta":"","header-above-stick-meta":"","header-main-stick-meta":"","header-below-stick-meta":"","astra-migrate-meta-layouts":"","ast-page-background-enabled":"default","ast-page-background-meta":{"desktop":{"background-color":"var(--ast-global-color-4)","background-image":"","background-repeat":"repeat","background-position":"center center","background-size":"auto","background-attachment":"scroll","background-type":"","background-media":"","overlay-type":"","overlay-color":"","overlay-gradient":""},"tablet":{"background-color":"","background-image":"","background-repeat":"repeat","background-position":"center center","background-size":"auto","background-attachment":"scroll","background-type":"","background-media":"","overlay-type":"","overlay-color":"","overlay-gradient":""},"mobile":{"background-color":"","background-image":"","background-repeat":"repeat","background-position":"center center","background-size":"auto","background-attachment":"scroll","background-type":"","background-media":"","overlay-type":"","overlay-color":"","overlay-gradient":""}},"ast-content-background-meta":{"desktop":{"background-color":"var(--ast-global-color-5)","background-image":"","background-repeat":"repeat","background-position":"center center","background-size":"auto","background-attachment":"scroll","background-type":"","background-media":"","overlay-type":"","overlay-color":"","overlay-gradient":""},"tablet":{"background-color":"var(--ast-global-color-5)","background-image":"","background-repeat":"repeat","background-position":"center center","background-size":"auto","background-attachment":"scroll","background-type":"","background-media":"","overlay-type":"","overlay-color":"","overlay-gradient":""},"mobile":{"background-color":"var(--ast-global-color-5)","background-image":"","background-repeat":"repeat","background-position":"center center","background-size":"auto","background-attachment":"scroll","background-type":"","background-media":"","overlay-type":"","overlay-color":"","overlay-gradient":""}},"footnotes":""},"_links":{"self":[{"href":"https:\/\/www.rmsb.u-bordeaux.fr\/fr\/wp-json\/wp\/v2\/pages\/19"}],"collection":[{"href":"https:\/\/www.rmsb.u-bordeaux.fr\/fr\/wp-json\/wp\/v2\/pages"}],"about":[{"href":"https:\/\/www.rmsb.u-bordeaux.fr\/fr\/wp-json\/wp\/v2\/types\/page"}],"author":[{"embeddable":true,"href":"https:\/\/www.rmsb.u-bordeaux.fr\/fr\/wp-json\/wp\/v2\/users\/1"}],"replies":[{"embeddable":true,"href":"https:\/\/www.rmsb.u-bordeaux.fr\/fr\/wp-json\/wp\/v2\/comments?post=19"}],"version-history":[{"count":34,"href":"https:\/\/www.rmsb.u-bordeaux.fr\/fr\/wp-json\/wp\/v2\/pages\/19\/revisions"}],"predecessor-version":[{"id":1176,"href":"https:\/\/www.rmsb.u-bordeaux.fr\/fr\/wp-json\/wp\/v2\/pages\/19\/revisions\/1176"}],"wp:attachment":[{"href":"https:\/\/www.rmsb.u-bordeaux.fr\/fr\/wp-json\/wp\/v2\/media?parent=19"}],"curies":[{"name":"wp","href":"https:\/\/api.w.org\/{rel}","templated":true}]}}