{"id":2616,"date":"2024-10-30T17:05:44","date_gmt":"2024-10-30T16:05:44","guid":{"rendered":"https:\/\/www.rmsb.u-bordeaux.fr\/fr\/?page_id=2616"},"modified":"2024-10-30T17:11:25","modified_gmt":"2024-10-30T16:11:25","slug":"collaboration-de-marie-josee","status":"publish","type":"page","link":"https:\/\/www.rmsb.u-bordeaux.fr\/fr\/collaboration-de-marie-josee\/","title":{"rendered":"COLLABORATION DE MARIE JOSEE"},"content":{"rendered":"\t\t<div data-elementor-type=\"wp-page\" data-elementor-id=\"2616\" class=\"elementor elementor-2616\">\n\t\t\t\t<div class=\"elementor-element elementor-element-fc9f5e1 e-grid e-con-boxed wpr-particle-no wpr-jarallax-no wpr-parallax-no wpr-sticky-section-no e-con e-parent\" data-id=\"fc9f5e1\" data-element_type=\"container\">\n\t\t\t\t\t<div class=\"e-con-inner\">\n\t\t\t\t<div class=\"elementor-element elementor-element-beb15f9 elementor-widget elementor-widget-heading\" data-id=\"beb15f9\" data-element_type=\"widget\" data-widget_type=\"heading.default\">\n\t\t\t\t<div class=\"elementor-widget-container\">\n\t\t\t<style>\/*! elementor - v3.21.0 - 26-05-2024 *\/\n.elementor-heading-title{padding:0;margin:0;line-height:1}.elementor-widget-heading .elementor-heading-title[class*=elementor-size-]>a{color:inherit;font-size:inherit;line-height:inherit}.elementor-widget-heading .elementor-heading-title.elementor-size-small{font-size:15px}.elementor-widget-heading .elementor-heading-title.elementor-size-medium{font-size:19px}.elementor-widget-heading .elementor-heading-title.elementor-size-large{font-size:29px}.elementor-widget-heading .elementor-heading-title.elementor-size-xl{font-size:39px}.elementor-widget-heading .elementor-heading-title.elementor-size-xxl{font-size:59px}<\/style><h2 class=\"elementor-heading-title elementor-size-default\">COLLABORATION<\/h2>\t\t<\/div>\n\t\t\t\t<\/div>\n\t\t\t\t\t<\/div>\n\t\t\t\t<\/div>\n\t\t<div class=\"elementor-element elementor-element-5d52b2b e-grid e-con-boxed wpr-particle-no wpr-jarallax-no wpr-parallax-no wpr-sticky-section-no e-con e-parent\" data-id=\"5d52b2b\" data-element_type=\"container\">\n\t\t\t\t\t<div class=\"e-con-inner\">\n\t\t\t\t<div class=\"elementor-element elementor-element-08cd0a5 elementor-widget elementor-widget-text-editor\" data-id=\"08cd0a5\" data-element_type=\"widget\" data-widget_type=\"text-editor.default\">\n\t\t\t\t<div class=\"elementor-widget-container\">\n\t\t\t<style>\/*! elementor - v3.21.0 - 26-05-2024 *\/\n.elementor-widget-text-editor.elementor-drop-cap-view-stacked .elementor-drop-cap{background-color:#69727d;color:#fff}.elementor-widget-text-editor.elementor-drop-cap-view-framed .elementor-drop-cap{color:#69727d;border:3px solid;background-color:transparent}.elementor-widget-text-editor:not(.elementor-drop-cap-view-default) .elementor-drop-cap{margin-top:8px}.elementor-widget-text-editor:not(.elementor-drop-cap-view-default) .elementor-drop-cap-letter{width:1em;height:1em}.elementor-widget-text-editor .elementor-drop-cap{float:left;text-align:center;line-height:1;font-size:50px}.elementor-widget-text-editor .elementor-drop-cap-letter{display:inline-block}<\/style>\t\t\t\t<p><strong>COLLABORATIONS\u00a0: <\/strong><\/p><p><strong>\u00a0<\/strong>1<strong>-S\u00e9quen\u00e7age NGS PacBio des scFv s\u00e9lectionn\u00e9s <em>in vivo<\/em> .<\/strong><\/p><ul><li>IMGT : Sofia Kossida, V\u00e9ronique Giudicelli. Projet Europ\u00e9en ABCardionostics<\/li><\/ul><p><strong>2- Ing\u00e9nierie des anticorps et Production \u00e0 grande \u00e9chelle <\/strong><\/p><ul><li>Production des anticorps recombinants dans Pichia Pastoris<\/li><\/ul><p>Pr. Charlotte Cabane, Dr. Magid Noubhani, ENSTBB (Ecole Nationale Sup\u00e9rieure de Technologie des Biomol\u00e9cules de Bordeaux), Universit\u00e9 Bordeaux. Projet ANR LPCBioMab ; Projet Europ\u00e9en ABCardionostics<\/p><ul><li>Production des anticorps recombinants dans le syst\u00e8me baculovirus\/cellules d\u2019insecte<\/li><\/ul><p>Sylvie Choblet-Thery,BacFly, Dr Martine C\u00e9rutti, Saint-Christol-Lez-Al\u00e9s. Projet Europ\u00e9en ABCardionostics. Pr\u00e9-maturation CNRS. Projet Maturation SATT<\/p><ul><li>Production des anticorps recombinants dans les cellules de mammif\u00e8res<\/li><\/ul><p>Dr Clarence Deffaud, Biotem, Lyon. Projet Europ\u00e9en ABCardionostics<\/p><p><strong>3- Construction de Nano-objets<\/strong><\/p><ul><li>St\u00e9phane Mornet; ICMCB (Institut de Chimie de la mati\u00e8re Condens\u00e9e de Bordeaux) ;<\/li><\/ul><p>TRAIL NEPMIP ; Projet ANR LPCBioMab ; Projet ANR NanoBioId<\/p><ul><li>Sylvie Crauste-Manciet, U1212 INSERM-UMR5320 CNRS; TRAIL NEPMIP.<\/li><\/ul><p><strong>4- Imagerie de la plaque instable<\/strong><\/p><ul><li>Imagerie TEP et mod\u00e8les animaux<\/li><\/ul><p>Dr Carlos Perez-M\u00e9dina, CNIC, Madrid ; Pr\u00e9-maturation CNRS, Projet Europ\u00e9en ABCardionostics<\/p><p><strong>5-Th\u00e9ranostic : Encapsulation de l\u2019ApoA1 dans des nanoparticules HDL-like <\/strong><\/p><ul><li>Production de l\u2019ApoA1 pour encapsulation dans les nano-objets th\u00e9ranostiques<\/li><\/ul><p>Dr Krishnan Venkataraman. Projet Franco-Indien (ENSTBB). Projet ANR LPCBioMab<\/p><ul><li>Construction des HDL-like<\/li><\/ul><p>Dr Philippe Lesnik. , Dr Isabelle Guillas-Baudouin, Dr Wilfried Le Goff INSERM UMR_S 1166 \u2013 ICAN. Projet ANR LPCBioMab<\/p><p><strong>6- D\u00e9veloppement d\u2019AcHu ciblant les sous-populations de macrophages : Stratification des plaques instables <\/strong><\/p><p>Dr Erik Biessen, University Maastricht ; Dr Carlos Perez-M\u00e9dina, CNIC ; Dr Jean-Paul Aben, Pie Medical Imaging Maastricht; Projet FFC AtheraDiag ; Projet Europ\u00e9en ABCardionostics<\/p><p><strong>7-Identification de biomarqueurs de l\u2019ath\u00e9roscl\u00e9rose<\/strong><\/p><p>Dr Anne Poupon, MabSilico, Dr Emmanuelle Tr\u00e9visiol, TBI Toulouse. Pr\u00e9-maturation CNRS, Projet Europ\u00e9en ABCardionostics<\/p><p><strong>8-Immunoth\u00e9rapie de l\u2019ath\u00e9roscl\u00e9rose <\/strong><\/p><p>Sylvie Choblet-Thery,BacFly, Saint-Christol-Lez-Al\u00e9s. Dr Clarence Deffaud, Biotem, Lyon; Dr Erik Biessen, University Maastricht\u00a0 Projet Europ\u00e9en ABCardionostics<\/p><p>9<strong>-Etude des risques de fausse-couche en lien avec l\u2019ath\u00e9roscl\u00e9rose<\/strong><\/p><p>Dr Iman El Hajj, Liban \u2013 Th\u00e8se Sarah Mohamad <a href=\"https:\/\/theses.fr\/2022BORD0228\">https:\/\/theses.fr\/2022BORD0228<\/a><\/p><p><strong>10-Constructions d\u2019anticorps bisp\u00e9cifiques anti-Galectine3-Eotaxine pour les pathologies rares<\/strong><\/p><p>Dr Augustin Godard (CE0;, soci\u00e9t\u00e9 Cabestelle); Dr Armand Bensussan ; Dr Jean Kadouche ; Sylvie Choblet-Thery BacFly. Projet Maturation SATT<\/p>\t\t\t\t\t\t<\/div>\n\t\t\t\t<\/div>\n\t\t\t\t\t<\/div>\n\t\t\t\t<\/div>\n\t\t\t\t<\/div>\n\t\t","protected":false},"excerpt":{"rendered":"<p>COLLABORATION COLLABORATIONS\u00a0: \u00a01-S\u00e9quen\u00e7age NGS PacBio des scFv s\u00e9lectionn\u00e9s in vivo . IMGT : Sofia Kossida, V\u00e9ronique Giudicelli. Projet Europ\u00e9en ABCardionostics 2- Ing\u00e9nierie des anticorps et Production \u00e0 grande \u00e9chelle Production des anticorps recombinants dans Pichia Pastoris Pr. Charlotte Cabane, Dr. Magid Noubhani, ENSTBB (Ecole Nationale Sup\u00e9rieure de Technologie des Biomol\u00e9cules de Bordeaux), Universit\u00e9 Bordeaux. Projet ANR LPCBioMab ; Projet Europ\u00e9en ABCardionostics Production des anticorps recombinants dans le syst\u00e8me baculovirus\/cellules d\u2019insecte Sylvie Choblet-Thery,BacFly, Dr Martine C\u00e9rutti, Saint-Christol-Lez-Al\u00e9s. Projet Europ\u00e9en ABCardionostics. Pr\u00e9-maturation CNRS. Projet Maturation SATT Production des anticorps recombinants dans les cellules de mammif\u00e8res Dr Clarence Deffaud, Biotem, Lyon. Projet Europ\u00e9en ABCardionostics 3- Construction de Nano-objets St\u00e9phane Mornet; ICMCB (Institut de Chimie de la mati\u00e8re Condens\u00e9e de Bordeaux) ; TRAIL NEPMIP ; Projet ANR LPCBioMab ; Projet ANR NanoBioId Sylvie Crauste-Manciet, U1212 INSERM-UMR5320 CNRS; TRAIL NEPMIP. 4- Imagerie de la plaque instable Imagerie TEP et mod\u00e8les animaux Dr Carlos Perez-M\u00e9dina, CNIC, Madrid ; Pr\u00e9-maturation CNRS, Projet Europ\u00e9en ABCardionostics 5-Th\u00e9ranostic : Encapsulation de l\u2019ApoA1 dans des nanoparticules HDL-like Production de l\u2019ApoA1 pour encapsulation dans les nano-objets th\u00e9ranostiques Dr Krishnan Venkataraman. Projet Franco-Indien (ENSTBB). Projet ANR LPCBioMab Construction des HDL-like Dr Philippe Lesnik. , Dr Isabelle Guillas-Baudouin, Dr Wilfried Le Goff INSERM UMR_S 1166 \u2013 ICAN. Projet ANR LPCBioMab 6- D\u00e9veloppement d\u2019AcHu ciblant les sous-populations de macrophages : Stratification des plaques instables Dr Erik Biessen, University Maastricht ; Dr Carlos Perez-M\u00e9dina, CNIC ; Dr Jean-Paul Aben, Pie Medical Imaging Maastricht; Projet FFC AtheraDiag ; Projet Europ\u00e9en ABCardionostics 7-Identification de biomarqueurs de l\u2019ath\u00e9roscl\u00e9rose Dr Anne Poupon, MabSilico, Dr Emmanuelle Tr\u00e9visiol, TBI Toulouse. Pr\u00e9-maturation CNRS, Projet Europ\u00e9en ABCardionostics 8-Immunoth\u00e9rapie de l\u2019ath\u00e9roscl\u00e9rose Sylvie Choblet-Thery,BacFly, Saint-Christol-Lez-Al\u00e9s. Dr Clarence Deffaud, Biotem, Lyon; Dr Erik Biessen, University Maastricht\u00a0 Projet Europ\u00e9en ABCardionostics 9-Etude des risques de fausse-couche en lien avec l\u2019ath\u00e9roscl\u00e9rose Dr Iman El Hajj, Liban \u2013 Th\u00e8se Sarah Mohamad https:\/\/theses.fr\/2022BORD0228 10-Constructions d\u2019anticorps bisp\u00e9cifiques anti-Galectine3-Eotaxine pour les pathologies rares Dr Augustin Godard (CE0;, soci\u00e9t\u00e9 Cabestelle); Dr Armand Bensussan ; Dr Jean Kadouche ; Sylvie Choblet-Thery BacFly. Projet Maturation SATT<\/p>\n","protected":false},"author":15,"featured_media":0,"parent":0,"menu_order":0,"comment_status":"closed","ping_status":"closed","template":"","meta":{"site-sidebar-layout":"no-sidebar","site-content-layout":"","ast-site-content-layout":"full-width-container","site-content-style":"default","site-sidebar-style":"default","ast-global-header-display":"","ast-banner-title-visibility":"","ast-main-header-display":"","ast-hfb-above-header-display":"","ast-hfb-below-header-display":"","ast-hfb-mobile-header-display":"","site-post-title":"disabled","ast-breadcrumbs-content":"","ast-featured-img":"disabled","footer-sml-layout":"","theme-transparent-header-meta":"","adv-header-id-meta":"","stick-header-meta":"","header-above-stick-meta":"","header-main-stick-meta":"","header-below-stick-meta":"","astra-migrate-meta-layouts":"","ast-page-background-enabled":"default","ast-page-background-meta":{"desktop":{"background-color":"var(--ast-global-color-4)","background-image":"","background-repeat":"repeat","background-position":"center center","background-size":"auto","background-attachment":"scroll","background-type":"","background-media":"","overlay-type":"","overlay-color":"","overlay-gradient":""},"tablet":{"background-color":"","background-image":"","background-repeat":"repeat","background-position":"center center","background-size":"auto","background-attachment":"scroll","background-type":"","background-media":"","overlay-type":"","overlay-color":"","overlay-gradient":""},"mobile":{"background-color":"","background-image":"","background-repeat":"repeat","background-position":"center center","background-size":"auto","background-attachment":"scroll","background-type":"","background-media":"","overlay-type":"","overlay-color":"","overlay-gradient":""}},"ast-content-background-meta":{"desktop":{"background-color":"var(--ast-global-color-5)","background-image":"","background-repeat":"repeat","background-position":"center center","background-size":"auto","background-attachment":"scroll","background-type":"","background-media":"","overlay-type":"","overlay-color":"","overlay-gradient":""},"tablet":{"background-color":"var(--ast-global-color-5)","background-image":"","background-repeat":"repeat","background-position":"center center","background-size":"auto","background-attachment":"scroll","background-type":"","background-media":"","overlay-type":"","overlay-color":"","overlay-gradient":""},"mobile":{"background-color":"var(--ast-global-color-5)","background-image":"","background-repeat":"repeat","background-position":"center center","background-size":"auto","background-attachment":"scroll","background-type":"","background-media":"","overlay-type":"","overlay-color":"","overlay-gradient":""}},"footnotes":""},"_links":{"self":[{"href":"https:\/\/www.rmsb.u-bordeaux.fr\/fr\/wp-json\/wp\/v2\/pages\/2616"}],"collection":[{"href":"https:\/\/www.rmsb.u-bordeaux.fr\/fr\/wp-json\/wp\/v2\/pages"}],"about":[{"href":"https:\/\/www.rmsb.u-bordeaux.fr\/fr\/wp-json\/wp\/v2\/types\/page"}],"author":[{"embeddable":true,"href":"https:\/\/www.rmsb.u-bordeaux.fr\/fr\/wp-json\/wp\/v2\/users\/15"}],"replies":[{"embeddable":true,"href":"https:\/\/www.rmsb.u-bordeaux.fr\/fr\/wp-json\/wp\/v2\/comments?post=2616"}],"version-history":[{"count":10,"href":"https:\/\/www.rmsb.u-bordeaux.fr\/fr\/wp-json\/wp\/v2\/pages\/2616\/revisions"}],"predecessor-version":[{"id":2626,"href":"https:\/\/www.rmsb.u-bordeaux.fr\/fr\/wp-json\/wp\/v2\/pages\/2616\/revisions\/2626"}],"wp:attachment":[{"href":"https:\/\/www.rmsb.u-bordeaux.fr\/fr\/wp-json\/wp\/v2\/media?parent=2616"}],"curies":[{"name":"wp","href":"https:\/\/api.w.org\/{rel}","templated":true}]}}