{"id":32,"date":"2023-12-05T12:38:57","date_gmt":"2023-12-05T12:38:57","guid":{"rendered":"http:\/\/192.168.10.216\/?page_id=32"},"modified":"2024-10-10T10:46:01","modified_gmt":"2024-10-10T09:46:01","slug":"emploi","status":"publish","type":"page","link":"https:\/\/www.rmsb.u-bordeaux.fr\/fr\/emploi\/","title":{"rendered":"Emploi"},"content":{"rendered":"\t\t<div data-elementor-type=\"wp-page\" data-elementor-id=\"32\" class=\"elementor elementor-32\">\n\t\t\t\t<div class=\"elementor-element elementor-element-622ff62 e-flex e-con-boxed wpr-particle-no wpr-jarallax-no wpr-parallax-no wpr-sticky-section-no e-con e-parent\" data-id=\"622ff62\" data-element_type=\"container\">\n\t\t\t\t\t<div class=\"e-con-inner\">\n\t\t\t\t<div class=\"elementor-element elementor-element-a8c5f7e elementor-widget elementor-widget-heading\" data-id=\"a8c5f7e\" data-element_type=\"widget\" data-widget_type=\"heading.default\">\n\t\t\t\t<div class=\"elementor-widget-container\">\n\t\t\t<style>\/*! elementor - v3.21.0 - 26-05-2024 *\/\n.elementor-heading-title{padding:0;margin:0;line-height:1}.elementor-widget-heading .elementor-heading-title[class*=elementor-size-]>a{color:inherit;font-size:inherit;line-height:inherit}.elementor-widget-heading .elementor-heading-title.elementor-size-small{font-size:15px}.elementor-widget-heading .elementor-heading-title.elementor-size-medium{font-size:19px}.elementor-widget-heading .elementor-heading-title.elementor-size-large{font-size:29px}.elementor-widget-heading .elementor-heading-title.elementor-size-xl{font-size:39px}.elementor-widget-heading .elementor-heading-title.elementor-size-xxl{font-size:59px}<\/style><h2 class=\"elementor-heading-title elementor-size-default\">D\u00e9veloppement de la technique d\u2019\u00e9lastographie c\u00e9r\u00e9brale par IRM chez le petit-animal.\nSujet de Master 2 \/ Stage Fin d\u2019\u00e9tudes<\/h2>\t\t<\/div>\n\t\t\t\t<\/div>\n\t\t<div class=\"elementor-element elementor-element-4f3205d e-flex e-con-boxed wpr-particle-no wpr-jarallax-no wpr-parallax-no wpr-sticky-section-no e-con e-child\" data-id=\"4f3205d\" data-element_type=\"container\">\n\t\t\t\t\t<div class=\"e-con-inner\">\n\t\t\t\t<div class=\"elementor-element elementor-element-41e1ac9 elementor-widget elementor-widget-text-editor\" data-id=\"41e1ac9\" data-element_type=\"widget\" data-widget_type=\"text-editor.default\">\n\t\t\t\t<div class=\"elementor-widget-container\">\n\t\t\t<style>\/*! elementor - v3.21.0 - 26-05-2024 *\/\n.elementor-widget-text-editor.elementor-drop-cap-view-stacked .elementor-drop-cap{background-color:#69727d;color:#fff}.elementor-widget-text-editor.elementor-drop-cap-view-framed .elementor-drop-cap{color:#69727d;border:3px solid;background-color:transparent}.elementor-widget-text-editor:not(.elementor-drop-cap-view-default) .elementor-drop-cap{margin-top:8px}.elementor-widget-text-editor:not(.elementor-drop-cap-view-default) .elementor-drop-cap-letter{width:1em;height:1em}.elementor-widget-text-editor .elementor-drop-cap{float:left;text-align:center;line-height:1;font-size:50px}.elementor-widget-text-editor .elementor-drop-cap-letter{display:inline-block}<\/style>\t\t\t\t<div class=\"page\" title=\"Page 1\"><div class=\"section\"><div class=\"layoutArea\"><div class=\"column\"><h6><span style=\"text-decoration: underline;\"><strong>Contexte:<\/strong><\/span><\/h6><p>Les techniques d\u2019imagerie non-invasives sont devenues des outils incontournables pour le diagnostic et pronostic des cancers. L\u2019Imagerie par Re\u0301sonance Magne\u0301tique (IRM), gra\u0302ce a\u0300 son innocuite\u0301 et la possibilite\u0301 d\u2019obtenir des informations multi-contrastes en 3D, est devenue la re\u0301fe\u0301rence pour caracte\u0301riser l\u2019efficacite\u0301 de the\u0301rapies.<br \/>Dans les tumeurs ce\u0301re\u0301brales primitives de type gliome, la radiothe\u0301rapie est une composante indispensable du traitement de premie\u0300re ligne. Cependant, la caracte\u0301risation fine et pre\u0301coce de ces tumeurs apre\u0300s traitement par radiothe\u0301rapie est particulie\u0300rement cruciale pour diffe\u0301rencier une radione\u0301crose d\u2019une pseudoprogression. A l\u2019heure actuelle, les techniques d&rsquo;IRM conventionnelles ne sont pas capables de les distinguer. Diagnostiquer le plus to\u0302t possible une radione\u0301crose ou une re\u0301cidive est essentiel afin d\u2019adapter au mieux le traitement. Par conse\u0301quent, des biomarqueurs IRM spe\u0301cifiques et sensibles sont ne\u0301cessaires pour diffe\u0301rencier le plus to\u0302t possible les deux phe\u0301nome\u0300nes. Il existe donc un re\u0301el besoin de de\u0301velopper des me\u0301thodes innovantes pour obtenir des informations quantitatives sur la micro-structure d\u2019une tumeur et de son environnement.<br \/>Nous proposons de de\u0301velopper un nouvel outil qui sera installe\u0301 sur un syste\u0300me IRM pre\u0301clinique de\u0301die\u0301 a\u0300 l\u2019imagerie du petit animal de la plateforme UAR3767: l\u2019e\u0301lastographie par IRM (ERM) qui repose sur l\u2019e\u0301tude des proprie\u0301te\u0301s me\u0301caniques des tissus. L\u2019application de l\u2019ERM en pre\u0301clinique repose sur des de\u0301fis techniques tre\u0300s spe\u0301cifiques que ce soit en termes de syste\u0300me d\u2019excitation (haute fre\u0301quence, compatibilite\u0301 IRM a\u0300 haut champ, encombrement du syste\u0300me dans l\u2019IRM, etc.), et d\u2019acquisition (se\u0301quences de\u0301die\u0301es acce\u0301le\u0301re\u0301es, manque de signal, etc.).<\/p><p>Le but du projet est donc de mettre au point l\u2019ERM pour l\u2019e\u0301tude de la radione\u0301crose dans le gliome du petit animal. Il sera pour cela ne\u0301cessaire de re\u0301aliser du de\u0301veloppement instrumental et me\u0301thodologique IRM.<\/p><h6><span style=\"text-decoration: underline;\"><strong>Lieu du stage :<\/strong><\/span><\/h6><p>Centre de Re\u0301sonance Magne\u0301tique des Syste\u0300mes Biologiques, CRMSB, UMR5536 CNRS- Universite\u0301 de Bordeaux. 146 rue Le\u0301o Saignat, 33076 Bordeaux<br \/>www.rmsb.u-bordeaux.fr<\/p><h6><span style=\"text-decoration: underline;\"><strong>Pre\u0301-requis:<\/strong><\/span><\/h6><p>L\u2019e\u0301tudiant devra avoir des bases sur la technique IRM et en programmation (Matlab, Python). Une personne inte\u0301resse\u0301e par la pluridisciplinarite\u0301, interface entre physique\/expe\u0301rimentation animale sera appre\u0301cie\u0301e. Des notions de Conception Assiste\u0301e par Ordinateur serait un atout.<\/p><h6><span style=\"text-decoration: underline;\"><strong>Encadrement :<\/strong><\/span><\/h6><p>L\u2019e\u0301tudiant sera encadre\u0301 par Emeline Ribot, chercheur CNRS, Sylvain Miraux (DR CNRS), Aure\u0301lien Trotier (IE CNRS) et Nade\u0300ge Corbin (IR CNRS). L\u2019e\u0301tudiant fera parti de l\u2019e\u0301quipe iMRT du laboratoire, comprenant des chercheurs et enseignants-chercheurs spe\u0301cialistes en physique de l\u2019IRM. De plus, il aura un tre\u0300s forte interaction avec Dr Chatelin (chercheur CNRS, laboratoire iCUBE, Strasbourg) pour le de\u0301veloppement de l\u2019instrumentation de\u0301die\u0301e a\u0300 l\u2019imagerie ce\u0301re\u0301brale.<\/p><p>Toute candidature doit e\u0302tre adresse\u0301e par email a\u0300: <a href=\"mailto:ribot@rmsb.u-bordeaux.fr\">ribot@rmsb.u-bordeaux.fr<\/a><\/p><\/div><\/div><\/div><\/div>\t\t\t\t\t\t<\/div>\n\t\t\t\t<\/div>\n\t\t\t\t\t<\/div>\n\t\t\t\t<\/div>\n\t\t\t\t<div class=\"elementor-element elementor-element-faf2754 elementor-widget elementor-widget-heading\" data-id=\"faf2754\" data-element_type=\"widget\" data-widget_type=\"heading.default\">\n\t\t\t\t<div class=\"elementor-widget-container\">\n\t\t\t<h2 class=\"elementor-heading-title elementor-size-default\"><h1 class=\"titre\"><span id=\"CphH1TitrePage_LblRefOffre\">Post-doc (H\/F) en imagerie ultrasonore cardiaque  (Projet ATIP AVENIR)<\/span><\/h1><\/h2>\t\t<\/div>\n\t\t\t\t<\/div>\n\t\t\t\t\t<\/div>\n\t\t\t\t<\/div>\n\t\t<div class=\"elementor-element elementor-element-860f363 e-flex e-con-boxed wpr-particle-no wpr-jarallax-no wpr-parallax-no wpr-sticky-section-no e-con e-parent\" data-id=\"860f363\" data-element_type=\"container\">\n\t\t\t\t\t<div class=\"e-con-inner\">\n\t\t\t\t<div class=\"elementor-element elementor-element-68f33cd elementor-widget elementor-widget-text-editor\" data-id=\"68f33cd\" data-element_type=\"widget\" data-widget_type=\"text-editor.default\">\n\t\t\t\t<div class=\"elementor-widget-container\">\n\t\t\t\t\t\t\t<h3>Informations g\u00e9n\u00e9rales<\/h3><p><strong>Intitul\u00e9 de l&rsquo;offre : Post-doc (H\/F) en imagerie ultrasonore cardiaque (Projet ATIP AVENIR)<\/strong> <br \/>R\u00e9f\u00e9rence : UMR7371-SEBSAL-010<br \/>Nombre de Postes : 1<br \/>Lieu de travail : BORDEAUX CEDEX<br \/>Date de publication : vendredi 31 mai 2024<br \/>Type de contrat : CDD Scientifique<br \/>Dur\u00e9e du contrat : 15 mois<br \/>Date d&#8217;embauche pr\u00e9vue : 2 septembre 2024<br \/>Quotit\u00e9 de travail : Temps complet<br \/>R\u00e9mun\u00e9ration : entre 2663 et 3783 euros bruts par mois<br \/>Niveau d&rsquo;\u00e9tudes souhait\u00e9 : Niveau 8 &#8211; (Doctorat)<br \/>Exp\u00e9rience souhait\u00e9e : 1 \u00e0 4 ann\u00e9es<br \/>Section(s) CN : Pharmacologie, bio-ing\u00e9nierie, imagerie, biotechnologie<\/p><p>Date Limite Candidature :\u00a0<span id=\"CphMain_DateLimiteCandidatureBalise\">vendredi 21 juin 2024<\/span><\/p><p>Retrouvez toutes les informations sur le site du CNRS :\u00a0<\/p><p><a href=\"https:\/\/emploi.cnrs.fr\/Offres\/CDD\/UMR7371-SEBSAL-010\/Default.aspx\">https:\/\/emploi.cnrs.fr\/Offres\/CDD\/UMR7371-SEBSAL-010\/Default.aspx<\/a><\/p>\t\t\t\t\t\t<\/div>\n\t\t\t\t<\/div>\n\t\t\t\t<div class=\"elementor-element elementor-element-bb0e767 elementor-widget elementor-widget-heading\" data-id=\"bb0e767\" data-element_type=\"widget\" data-widget_type=\"heading.default\">\n\t\t\t\t<div class=\"elementor-widget-container\">\n\t\t\t<h2 class=\"elementor-heading-title elementor-size-default\"><b>N'h\u00e9sitez pas \u00e0 nous contacter pour des offres de stages ! <\/b><\/h2>\t\t<\/div>\n\t\t\t\t<\/div>\n\t\t\t\t\t<\/div>\n\t\t\t\t<\/div>\n\t\t<div class=\"elementor-element elementor-element-557aab8 e-flex e-con-boxed wpr-particle-no wpr-jarallax-no wpr-parallax-no wpr-sticky-section-no e-con e-parent\" data-id=\"557aab8\" data-element_type=\"container\">\n\t\t\t\t\t<div class=\"e-con-inner\">\n\t\t\t\t<div class=\"elementor-element elementor-element-2a4f8fc elementor-widget elementor-widget-text-editor\" data-id=\"2a4f8fc\" data-element_type=\"widget\" data-widget_type=\"text-editor.default\">\n\t\t\t\t<div class=\"elementor-widget-container\">\n\t\t\t\t\t\t\t<p>Nous avons r\u00e9guli\u00e8rement des financements pour des stages de Master 2 et stages de 2e et 3e ann\u00e9e d&rsquo;\u00e9cole d&rsquo;ing\u00e9nieur.\u00a0<\/p><p>Pour nous contacter : nom.prenom@rmsb.u-bordeaux.fr (nous ferons suivre votre CV \u00e0 tout le laboratoire).<\/p>\t\t\t\t\t\t<\/div>\n\t\t\t\t<\/div>\n\t\t\t\t\t<\/div>\n\t\t\t\t<\/div>\n\t\t<div class=\"elementor-element elementor-element-95cfc11 e-flex e-con-boxed wpr-particle-no wpr-jarallax-no wpr-parallax-no wpr-sticky-section-no e-con e-parent\" data-id=\"95cfc11\" data-element_type=\"container\">\n\t\t\t\t\t<div class=\"e-con-inner\">\n\t\t\t\t\t<\/div>\n\t\t\t\t<\/div>\n\t\t\t\t<\/div>\n\t\t","protected":false},"excerpt":{"rendered":"<p>D\u00e9veloppement de la technique d\u2019\u00e9lastographie c\u00e9r\u00e9brale par IRM chez le petit-animal. Sujet de Master 2 \/ Stage Fin d\u2019\u00e9tudes Contexte: Les techniques d\u2019imagerie non-invasives sont devenues des outils incontournables pour le diagnostic et pronostic des cancers. L\u2019Imagerie par Re\u0301sonance Magne\u0301tique (IRM), gra\u0302ce a\u0300 son innocuite\u0301 et la possibilite\u0301 d\u2019obtenir des informations multi-contrastes en 3D, est devenue la re\u0301fe\u0301rence pour caracte\u0301riser l\u2019efficacite\u0301 de the\u0301rapies.Dans les tumeurs ce\u0301re\u0301brales primitives de type gliome, la radiothe\u0301rapie est une composante indispensable du traitement de premie\u0300re ligne. Cependant, la caracte\u0301risation fine et pre\u0301coce de ces tumeurs apre\u0300s traitement par radiothe\u0301rapie est particulie\u0300rement cruciale pour diffe\u0301rencier une radione\u0301crose d\u2019une pseudoprogression. A l\u2019heure actuelle, les techniques d&rsquo;IRM conventionnelles ne sont pas capables de les distinguer. Diagnostiquer le plus to\u0302t possible une radione\u0301crose ou une re\u0301cidive est essentiel afin d\u2019adapter au mieux le traitement. Par conse\u0301quent, des biomarqueurs IRM spe\u0301cifiques et sensibles sont ne\u0301cessaires pour diffe\u0301rencier le plus to\u0302t possible les deux phe\u0301nome\u0300nes. Il existe donc un re\u0301el besoin de de\u0301velopper des me\u0301thodes innovantes pour obtenir des informations quantitatives sur la micro-structure d\u2019une tumeur et de son environnement.Nous proposons de de\u0301velopper un nouvel outil qui sera installe\u0301 sur un syste\u0300me IRM pre\u0301clinique de\u0301die\u0301 a\u0300 l\u2019imagerie du petit animal de la plateforme UAR3767: l\u2019e\u0301lastographie par IRM (ERM) qui repose sur l\u2019e\u0301tude des proprie\u0301te\u0301s me\u0301caniques des tissus. L\u2019application de l\u2019ERM en pre\u0301clinique repose sur des de\u0301fis techniques tre\u0300s spe\u0301cifiques que ce soit en termes de syste\u0300me d\u2019excitation (haute fre\u0301quence, compatibilite\u0301 IRM a\u0300 haut champ, encombrement du syste\u0300me dans l\u2019IRM, etc.), et d\u2019acquisition (se\u0301quences de\u0301die\u0301es acce\u0301le\u0301re\u0301es, manque de signal, etc.). Le but du projet est donc de mettre au point l\u2019ERM pour l\u2019e\u0301tude de la radione\u0301crose dans le gliome du petit animal. Il sera pour cela ne\u0301cessaire de re\u0301aliser du de\u0301veloppement instrumental et me\u0301thodologique IRM. Lieu du stage : Centre de Re\u0301sonance Magne\u0301tique des Syste\u0300mes Biologiques, CRMSB, UMR5536 CNRS- Universite\u0301 de Bordeaux. 146 rue Le\u0301o Saignat, 33076 Bordeauxwww.rmsb.u-bordeaux.fr Pre\u0301-requis: L\u2019e\u0301tudiant devra avoir des bases sur la technique IRM et en programmation (Matlab, Python). Une personne inte\u0301resse\u0301e par la pluridisciplinarite\u0301, interface entre physique\/expe\u0301rimentation animale sera appre\u0301cie\u0301e. Des notions de Conception Assiste\u0301e par Ordinateur serait un atout. Encadrement : L\u2019e\u0301tudiant sera encadre\u0301 par Emeline Ribot, chercheur CNRS, Sylvain Miraux (DR CNRS), Aure\u0301lien Trotier (IE CNRS) et Nade\u0300ge Corbin (IR CNRS). L\u2019e\u0301tudiant fera parti de l\u2019e\u0301quipe iMRT du laboratoire, comprenant des chercheurs et enseignants-chercheurs spe\u0301cialistes en physique de l\u2019IRM. De plus, il aura un tre\u0300s forte interaction avec Dr Chatelin (chercheur CNRS, laboratoire iCUBE, Strasbourg) pour le de\u0301veloppement de l\u2019instrumentation de\u0301die\u0301e a\u0300 l\u2019imagerie ce\u0301re\u0301brale. Toute candidature doit e\u0302tre adresse\u0301e par email a\u0300: ribot@rmsb.u-bordeaux.fr Post-doc (H\/F) en imagerie ultrasonore cardiaque (Projet ATIP AVENIR) Informations g\u00e9n\u00e9rales Intitul\u00e9 de l&rsquo;offre : Post-doc (H\/F) en imagerie ultrasonore cardiaque (Projet ATIP AVENIR) R\u00e9f\u00e9rence : UMR7371-SEBSAL-010Nombre de Postes : 1Lieu de travail : BORDEAUX CEDEXDate de publication : vendredi 31 mai 2024Type de contrat : CDD ScientifiqueDur\u00e9e du contrat : 15 moisDate d&#8217;embauche pr\u00e9vue : 2 septembre 2024Quotit\u00e9 de travail : Temps completR\u00e9mun\u00e9ration : entre 2663 et 3783 euros bruts par moisNiveau d&rsquo;\u00e9tudes souhait\u00e9 : Niveau 8 &#8211; (Doctorat)Exp\u00e9rience souhait\u00e9e : 1 \u00e0 4 ann\u00e9esSection(s) CN : Pharmacologie, bio-ing\u00e9nierie, imagerie, biotechnologie Date Limite Candidature :\u00a0vendredi 21 juin 2024 Retrouvez toutes les informations sur le site du CNRS :\u00a0 https:\/\/emploi.cnrs.fr\/Offres\/CDD\/UMR7371-SEBSAL-010\/Default.aspx N&rsquo;h\u00e9sitez pas \u00e0 nous contacter pour des offres de stages ! Nous avons r\u00e9guli\u00e8rement des financements pour des stages de Master 2 et stages de 2e et 3e ann\u00e9e d&rsquo;\u00e9cole d&rsquo;ing\u00e9nieur.\u00a0 Pour nous contacter : nom.prenom@rmsb.u-bordeaux.fr (nous ferons suivre votre CV \u00e0 tout le laboratoire).<\/p>\n","protected":false},"author":1,"featured_media":0,"parent":0,"menu_order":0,"comment_status":"closed","ping_status":"closed","template":"","meta":{"site-sidebar-layout":"no-sidebar","site-content-layout":"","ast-site-content-layout":"full-width-container","site-content-style":"default","site-sidebar-style":"default","ast-global-header-display":"","ast-banner-title-visibility":"","ast-main-header-display":"","ast-hfb-above-header-display":"","ast-hfb-below-header-display":"","ast-hfb-mobile-header-display":"","site-post-title":"disabled","ast-breadcrumbs-content":"","ast-featured-img":"disabled","footer-sml-layout":"","theme-transparent-header-meta":"","adv-header-id-meta":"","stick-header-meta":"","header-above-stick-meta":"","header-main-stick-meta":"","header-below-stick-meta":"","astra-migrate-meta-layouts":"","ast-page-background-enabled":"default","ast-page-background-meta":{"desktop":{"background-color":"var(--ast-global-color-4)","background-image":"","background-repeat":"repeat","background-position":"center center","background-size":"auto","background-attachment":"scroll","background-type":"","background-media":"","overlay-type":"","overlay-color":"","overlay-gradient":""},"tablet":{"background-color":"","background-image":"","background-repeat":"repeat","background-position":"center center","background-size":"auto","background-attachment":"scroll","background-type":"","background-media":"","overlay-type":"","overlay-color":"","overlay-gradient":""},"mobile":{"background-color":"","background-image":"","background-repeat":"repeat","background-position":"center center","background-size":"auto","background-attachment":"scroll","background-type":"","background-media":"","overlay-type":"","overlay-color":"","overlay-gradient":""}},"ast-content-background-meta":{"desktop":{"background-color":"var(--ast-global-color-5)","background-image":"","background-repeat":"repeat","background-position":"center center","background-size":"auto","background-attachment":"scroll","background-type":"","background-media":"","overlay-type":"","overlay-color":"","overlay-gradient":""},"tablet":{"background-color":"var(--ast-global-color-5)","background-image":"","background-repeat":"repeat","background-position":"center center","background-size":"auto","background-attachment":"scroll","background-type":"","background-media":"","overlay-type":"","overlay-color":"","overlay-gradient":""},"mobile":{"background-color":"var(--ast-global-color-5)","background-image":"","background-repeat":"repeat","background-position":"center center","background-size":"auto","background-attachment":"scroll","background-type":"","background-media":"","overlay-type":"","overlay-color":"","overlay-gradient":""}},"footnotes":""},"_links":{"self":[{"href":"https:\/\/www.rmsb.u-bordeaux.fr\/fr\/wp-json\/wp\/v2\/pages\/32"}],"collection":[{"href":"https:\/\/www.rmsb.u-bordeaux.fr\/fr\/wp-json\/wp\/v2\/pages"}],"about":[{"href":"https:\/\/www.rmsb.u-bordeaux.fr\/fr\/wp-json\/wp\/v2\/types\/page"}],"author":[{"embeddable":true,"href":"https:\/\/www.rmsb.u-bordeaux.fr\/fr\/wp-json\/wp\/v2\/users\/1"}],"replies":[{"embeddable":true,"href":"https:\/\/www.rmsb.u-bordeaux.fr\/fr\/wp-json\/wp\/v2\/comments?post=32"}],"version-history":[{"count":16,"href":"https:\/\/www.rmsb.u-bordeaux.fr\/fr\/wp-json\/wp\/v2\/pages\/32\/revisions"}],"predecessor-version":[{"id":2051,"href":"https:\/\/www.rmsb.u-bordeaux.fr\/fr\/wp-json\/wp\/v2\/pages\/32\/revisions\/2051"}],"wp:attachment":[{"href":"https:\/\/www.rmsb.u-bordeaux.fr\/fr\/wp-json\/wp\/v2\/media?parent=32"}],"curies":[{"name":"wp","href":"https:\/\/api.w.org\/{rel}","templated":true}]}}