{"id":507,"date":"2023-12-12T13:39:10","date_gmt":"2023-12-12T13:39:10","guid":{"rendered":"http:\/\/192.168.10.216\/?page_id=507"},"modified":"2024-03-19T11:20:33","modified_gmt":"2024-03-19T10:20:33","slug":"equipe-imrt","status":"publish","type":"page","link":"https:\/\/www.rmsb.u-bordeaux.fr\/fr\/la-recherche\/equipe-imrt\/","title":{"rendered":"Equipe iMRT"},"content":{"rendered":"\t\t<div data-elementor-type=\"wp-page\" data-elementor-id=\"507\" class=\"elementor elementor-507\">\n\t\t\t\t<div class=\"elementor-element elementor-element-90887ab e-flex e-con-boxed wpr-particle-no wpr-jarallax-no wpr-parallax-no wpr-sticky-section-no e-con e-parent\" data-id=\"90887ab\" data-element_type=\"container\">\n\t\t\t\t\t<div class=\"e-con-inner\">\n\t\t\t\t<div class=\"elementor-element elementor-element-91bb422 elementor-widget elementor-widget-text-editor\" data-id=\"91bb422\" data-element_type=\"widget\" data-widget_type=\"text-editor.default\">\n\t\t\t\t<div class=\"elementor-widget-container\">\n\t\t\t<style>\/*! elementor - v3.21.0 - 26-05-2024 *\/\n.elementor-widget-text-editor.elementor-drop-cap-view-stacked .elementor-drop-cap{background-color:#69727d;color:#fff}.elementor-widget-text-editor.elementor-drop-cap-view-framed .elementor-drop-cap{color:#69727d;border:3px solid;background-color:transparent}.elementor-widget-text-editor:not(.elementor-drop-cap-view-default) .elementor-drop-cap{margin-top:8px}.elementor-widget-text-editor:not(.elementor-drop-cap-view-default) .elementor-drop-cap-letter{width:1em;height:1em}.elementor-widget-text-editor .elementor-drop-cap{float:left;text-align:center;line-height:1;font-size:50px}.elementor-widget-text-editor .elementor-drop-cap-letter{display:inline-block}<\/style>\t\t\t\t<p>Coordinatrice : EMELINE RIBOT<\/p>\t\t\t\t\t\t<\/div>\n\t\t\t\t<\/div>\n\t\t\t\t<div class=\"elementor-element elementor-element-bdabff4 elementor-widget elementor-widget-heading\" data-id=\"bdabff4\" data-element_type=\"widget\" data-widget_type=\"heading.default\">\n\t\t\t\t<div class=\"elementor-widget-container\">\n\t\t\t<style>\/*! elementor - v3.21.0 - 26-05-2024 *\/\n.elementor-heading-title{padding:0;margin:0;line-height:1}.elementor-widget-heading .elementor-heading-title[class*=elementor-size-]>a{color:inherit;font-size:inherit;line-height:inherit}.elementor-widget-heading .elementor-heading-title.elementor-size-small{font-size:15px}.elementor-widget-heading .elementor-heading-title.elementor-size-medium{font-size:19px}.elementor-widget-heading .elementor-heading-title.elementor-size-large{font-size:29px}.elementor-widget-heading .elementor-heading-title.elementor-size-xl{font-size:39px}.elementor-widget-heading .elementor-heading-title.elementor-size-xxl{font-size:59px}<\/style><h1 class=\"elementor-heading-title elementor-size-xl\">\u00c9quipe \"innovative MR Technologies\" \niMRT<\/h1>\t\t<\/div>\n\t\t\t\t<\/div>\n\t\t\t\t<div class=\"elementor-element elementor-element-910eee4 elementor-widget elementor-widget-text-editor\" data-id=\"910eee4\" data-element_type=\"widget\" data-widget_type=\"text-editor.default\">\n\t\t\t\t<div class=\"elementor-widget-container\">\n\t\t\t\t\t\t\t<p>L\u2019IRM est la technique d\u2019imagerie biom\u00e9dicale avec le plus de potentiel du fait de son innocuit\u00e9, des excellents contrastes naturels qu\u2019elle offre et de la possibilit\u00e9 d\u2019obtenir des images des organes m\u00eame les plus profonds.<\/p>\n<p>Elle reste, en routine clinique et pour la grande majorit\u00e9 des examens, une technique d\u2019imagerie principalement anatomique.<\/p>\t\t\t\t\t\t<\/div>\n\t\t\t\t<\/div>\n\t\t\t\t\t<\/div>\n\t\t\t\t<\/div>\n\t\t<div class=\"elementor-element elementor-element-cdd6fc3 e-flex e-con-boxed wpr-particle-no wpr-jarallax-no wpr-parallax-no wpr-sticky-section-no e-con e-parent\" data-id=\"cdd6fc3\" data-element_type=\"container\">\n\t\t\t\t\t<div class=\"e-con-inner\">\n\t\t\t\t<div class=\"elementor-element elementor-element-945abcb elementor-widget elementor-widget-image\" data-id=\"945abcb\" data-element_type=\"widget\" data-widget_type=\"image.default\">\n\t\t\t\t<div class=\"elementor-widget-container\">\n\t\t\t<style>\/*! elementor - v3.21.0 - 26-05-2024 *\/\n.elementor-widget-image{text-align:center}.elementor-widget-image a{display:inline-block}.elementor-widget-image a img[src$=\".svg\"]{width:48px}.elementor-widget-image img{vertical-align:middle;display:inline-block}<\/style>\t\t\t\t\t\t\t\t\t\t<img fetchpriority=\"high\" decoding=\"async\" width=\"1024\" height=\"683\" src=\"https:\/\/www.rmsb.u-bordeaux.fr\/wp-content\/uploads\/2023\/12\/20211109171008-6t2a955-2-1024x683.jpg\" class=\"attachment-large size-large wp-image-632\" alt=\"\" srcset=\"https:\/\/www.rmsb.u-bordeaux.fr\/wp-content\/uploads\/2023\/12\/20211109171008-6t2a955-2-1024x683.jpg 1024w, https:\/\/www.rmsb.u-bordeaux.fr\/wp-content\/uploads\/2023\/12\/20211109171008-6t2a955-2-300x200.jpg 300w, https:\/\/www.rmsb.u-bordeaux.fr\/wp-content\/uploads\/2023\/12\/20211109171008-6t2a955-2-768x512.jpg 768w, https:\/\/www.rmsb.u-bordeaux.fr\/wp-content\/uploads\/2023\/12\/20211109171008-6t2a955-2.jpg 1200w\" sizes=\"(max-width: 1024px) 100vw, 1024px\" \/>\t\t\t\t\t\t\t\t\t\t\t\t\t<\/div>\n\t\t\t\t<\/div>\n\t\t\t\t\t<\/div>\n\t\t\t\t<\/div>\n\t\t<div class=\"elementor-element elementor-element-362e4a82 e-flex e-con-boxed wpr-particle-no wpr-jarallax-no wpr-parallax-no wpr-sticky-section-no e-con e-parent\" data-id=\"362e4a82\" data-element_type=\"container\">\n\t\t\t\t\t<div class=\"e-con-inner\">\n\t\t\t\t<div class=\"elementor-element elementor-element-787fa794 elementor-widget elementor-widget-text-editor\" data-id=\"787fa794\" data-element_type=\"widget\" data-widget_type=\"text-editor.default\">\n\t\t\t\t<div class=\"elementor-widget-container\">\n\t\t\t\t\t\t\t<!-- wp:paragraph --><!-- \/wp:paragraph --><!-- wp:paragraph -->\n<p>En recherche, ces derni\u00e8res ann\u00e9es, les tendances principales en technologie IRM ont \u00e9t\u00e9\u00a0:<\/p>\n<!-- \/wp:paragraph --><!-- wp:paragraph -->\n<p>1- la r\u00e9duction du temps d\u2019acquisition associ\u00e9e \u00e0 des m\u00e9thodes de sous \u00e9chantillonnage de l\u2019espace-k associ\u00e9es \u00e0 des reconstructions non lin\u00e9aires (eg Compressed Sensing) d\u2019image,<\/p>\n<!-- \/wp:paragraph --><!-- wp:paragraph -->\n<p>2- la mise \u00e0 profit de cette acc\u00e9l\u00e9ration de l\u2019acquisition pour g\u00e9n\u00e9rer des images multi-param\u00e9triques dans des temps plus courts et pour r\u00e9duire l\u2019utilisation d\u2019agents de contrastes exog\u00e8nes,<\/p>\n<!-- \/wp:paragraph --><!-- wp:paragraph -->\n<p>3- le d\u00e9veloppement de m\u00e9thodes d\u2019analyses automatis\u00e9es des images (machine learning et deep learning).<\/p>\n<!-- \/wp:paragraph --><!-- wp:paragraph -->\n<p>Malgr\u00e9 ces d\u00e9veloppements\u00a0:<\/p>\n<!-- \/wp:paragraph --><!-- wp:paragraph -->\n<p>1- l\u2019IRM reste insuffisamment d\u00e9mocratis\u00e9e, principalement \u00e0 cause du co\u00fbt \u00e9lev\u00e9 des appareillages cliniques op\u00e9rant \u00e0 1.5T ou sup\u00e9rieur. Il convient d\u2019envisager d\u2019autres approches pour faire \u00e9voluer cette situation.<\/p>\n<!-- \/wp:paragraph --><!-- wp:paragraph -->\n<p>2- l\u2019IRM quantitative reste encore insuffisamment reproductible et sp\u00e9cifique, notamment \u00e0 cause des probl\u00e8mes de mouvements physiologiques (respiration, mouvement du patient, contraction cardiaque). Un travail m\u00e9thodologique de physique de l\u2019IRM et de reconstruction d\u2019image reste donc \u00e0 effectuer, avec pour objectif d\u2019optimiser dynamiquement l\u2019acquisition afin d\u2019am\u00e9liorer la qualit\u00e9 des images et la reproductibilit\u00e9 des r\u00e9sultats.<\/p>\n<!-- \/wp:paragraph --><!-- wp:paragraph -->\n<p>3- l\u2019acc\u00e9l\u00e9ration des techniques d\u2019acquisition et de reconstruction d\u2019image permet le d\u00e9veloppement de nouvelles applications de l\u2019IRM pour la radiologie interventionnelle, notamment pour guider des interventions mini- et non-invasives comme la thermoth\u00e9rapie. L\u2019IRM quantitative temps r\u00e9el permet \u00e9galement d\u2019ouvrir de nouvelles possibilit\u00e9s applicatives en IRM fonctionnelle c\u00e9r\u00e9brale.<\/p>\n<!-- \/wp:paragraph --><!-- wp:paragraph --><!-- \/wp:paragraph -->\t\t\t\t\t\t<\/div>\n\t\t\t\t<\/div>\n\t\t\t\t\t<\/div>\n\t\t\t\t<\/div>\n\t\t<div class=\"elementor-element elementor-element-274d625 e-flex e-con-boxed wpr-particle-no wpr-jarallax-no wpr-parallax-no wpr-sticky-section-no e-con e-parent\" data-id=\"274d625\" data-element_type=\"container\">\n\t\t\t\t\t<div class=\"e-con-inner\">\n\t\t\t\t<div class=\"elementor-element elementor-element-7644368 elementor-widget elementor-widget-image\" data-id=\"7644368\" data-element_type=\"widget\" data-widget_type=\"image.default\">\n\t\t\t\t<div class=\"elementor-widget-container\">\n\t\t\t\t\t\t\t\t\t\t\t\t\t<img decoding=\"async\" width=\"2500\" height=\"1663\" src=\"https:\/\/www.rmsb.u-bordeaux.fr\/wp-content\/uploads\/2023\/12\/IRMequipe.jpeg\" class=\"attachment-full size-full wp-image-638\" alt=\"\" srcset=\"https:\/\/www.rmsb.u-bordeaux.fr\/wp-content\/uploads\/2023\/12\/IRMequipe.jpeg 2500w, https:\/\/www.rmsb.u-bordeaux.fr\/wp-content\/uploads\/2023\/12\/IRMequipe-300x200.jpeg 300w, https:\/\/www.rmsb.u-bordeaux.fr\/wp-content\/uploads\/2023\/12\/IRMequipe-1024x681.jpeg 1024w, https:\/\/www.rmsb.u-bordeaux.fr\/wp-content\/uploads\/2023\/12\/IRMequipe-768x511.jpeg 768w, https:\/\/www.rmsb.u-bordeaux.fr\/wp-content\/uploads\/2023\/12\/IRMequipe-1536x1022.jpeg 1536w, https:\/\/www.rmsb.u-bordeaux.fr\/wp-content\/uploads\/2023\/12\/IRMequipe-2048x1362.jpeg 2048w\" sizes=\"(max-width: 2500px) 100vw, 2500px\" \/>\t\t\t\t\t\t\t\t\t\t\t\t\t<\/div>\n\t\t\t\t<\/div>\n\t\t\t\t\t<\/div>\n\t\t\t\t<\/div>\n\t\t<div class=\"elementor-element elementor-element-de6f616 e-flex e-con-boxed wpr-particle-no wpr-jarallax-no wpr-parallax-no wpr-sticky-section-no e-con e-parent\" data-id=\"de6f616\" data-element_type=\"container\">\n\t\t\t\t\t<div class=\"e-con-inner\">\n\t\t\t\t<div class=\"elementor-element elementor-element-ccb8591 elementor-widget elementor-widget-text-editor\" data-id=\"ccb8591\" data-element_type=\"widget\" data-widget_type=\"text-editor.default\">\n\t\t\t\t<div class=\"elementor-widget-container\">\n\t\t\t\t\t\t\t<p>Le projet de l\u2019\u00e9quipe vise \u00e0 d\u00e9velopper ces diff\u00e9rentes th\u00e9matiques sous plusieurs axes.<\/p>\n<p><!-- \/wp:paragraph --><!-- wp:paragraph --><\/p>\n<p><strong>L\u2019originalit\u00e9 de l\u2019\u00e9quipe \u00ab iMRT \u00bb repose sur des comp\u00e9tences pluridisciplinaires synth\u00e9tisant l\u2019ensemble des techniques et savoirs associ\u00e9s \u00e0 l\u2019IRM.<\/strong> Nos travaux visent \u00e0 am\u00e9liorer toute la chaine d\u2019acquisition, \u00e0 la fois via le d\u00e9veloppement instrumental et le d\u00e9veloppement biochimique d\u2019agents de contraste et via le d\u00e9veloppement de nouvelles m\u00e9thodes d\u2019acquisition des donn\u00e9es et l\u2019int\u00e9gration de traitements du signal et de donn\u00e9es en temps r\u00e9el.<\/p>\n<p><!-- \/wp:paragraph --><!-- wp:paragraph --><\/p>\n<p>Une autre caract\u00e9ristique de l\u2019\u00e9quipe s\u2019appuie sur l\u2019utilisation d\u2019une large gamme de champs magn\u00e9tiques, allant de 200\u00b5T \u00e0 9,4T. Les aimants \u00e0 0,2T et 9,4T sont des syst\u00e8mes atypiques et uniques en France. Un projet de d\u00e9veloppement d\u2019un syst\u00e8me d\u2019imagerie \u00e0 champ proche du champ terrestre (ULF, Ultra-Low Field) financ\u00e9 par l&rsquo;Europe (H2020 &#8211; Fetopen) a permis de renforcer cet atout de notre laboratoire. L\u2019ensemble de ces \u00e9quipements de (ultra) bas et haut champ magn\u00e9tique devrait permettre d\u2019adapter des m\u00e9thodes existantes, de d\u00e9velopper des m\u00e9thodes sp\u00e9cifiques pour r\u00e9pondre \u00e0 chaque contrainte impos\u00e9e par le champ magn\u00e9tique, et ainsi r\u00e9duire les limitations de l&rsquo;IRM.<\/p>\n<p><!-- \/wp:paragraph --><!-- wp:paragraph --><\/p>\n<p>L\u2019am\u00e9lioration vis\u00e9e par ces recherches sur toutes les \u00e9tapes de la formation d\u2019une image est bas\u00e9e sur la capacit\u00e9 de l\u2019\u00e9quipe \u00e0 r\u00e9aliser des exp\u00e9riences totalement originales pour d\u00e9montrer par IRM des concepts scientifiques en physique, biologie et m\u00e9decine. L\u2019\u00e9quipe dispose d\u2019une composante exp\u00e9rimentale unique et le d\u00e9montre par sa diversit\u00e9 d\u2019applications sur le vivant : de l\u2019organe excis\u00e9, \u00e0 l\u2019animal entier et jusqu\u2019\u00e0 l\u2019homme. Ceci permet d\u2019\u00e9largir les champs d\u2019applications des m\u00e9thodes d\u00e9velopp\u00e9es, d\u2019\u00e9valuer leur robustesse sur diff\u00e9rents mod\u00e8les, et potentiellement de favoriser leur transfert du pr\u00e9clinique vers la clinique.<\/p>\n<p><!-- \/wp:paragraph --><!-- wp:paragraph --><\/p>\n<p>Cette \u00e9quipe est donc articul\u00e9e autour de l\u2019avanc\u00e9e de la technologie IRM afin de d\u00e9velopper l\u2019IRM de demain.\u00a0<\/p>\n<p><!-- \/wp:paragraph --><!-- wp:paragraph --><\/p>\n<p>Cette \u00e9quipe regroupe plusieurs scientifiques, dont des chercheurs et des ing\u00e9nieurs qui sont regroup\u00e9s par axe de recherche de pr\u00e9dilection, sans que leur appartenance \u00e0 celui-ci soit exclusive.<\/p>\t\t\t\t\t\t<\/div>\n\t\t\t\t<\/div>\n\t\t\t\t\t<\/div>\n\t\t\t\t<\/div>\n\t\t<div class=\"elementor-element elementor-element-30d4047 e-flex e-con-boxed wpr-particle-no wpr-jarallax-no wpr-parallax-no wpr-sticky-section-no e-con e-parent\" data-id=\"30d4047\" data-element_type=\"container\">\n\t\t\t\t\t<div class=\"e-con-inner\">\n\t\t<div class=\"elementor-element elementor-element-8e16f7c e-con-full e-flex wpr-particle-no wpr-jarallax-no wpr-parallax-no wpr-sticky-section-no e-con e-child\" data-id=\"8e16f7c\" data-element_type=\"container\">\n\t\t\t\t<\/div>\n\t\t<div class=\"elementor-element elementor-element-c3638d1 e-con-full e-flex wpr-particle-no wpr-jarallax-no wpr-parallax-no wpr-sticky-section-no e-con e-child\" data-id=\"c3638d1\" data-element_type=\"container\">\n\t\t\t\t<\/div>\n\t\t\t\t\t<\/div>\n\t\t\t\t<\/div>\n\t\t\t\t<\/div>\n\t\t","protected":false},"excerpt":{"rendered":"<p>Coordinatrice : EMELINE RIBOT \u00c9quipe \u00ab\u00a0innovative MR Technologies\u00a0\u00bb iMRT L\u2019IRM est la technique d\u2019imagerie biom\u00e9dicale avec le plus de potentiel du fait de son innocuit\u00e9, des excellents contrastes naturels qu\u2019elle offre et de la possibilit\u00e9 d\u2019obtenir des images des organes m\u00eame les plus profonds. Elle reste, en routine clinique et pour la grande majorit\u00e9 des examens, une technique d\u2019imagerie principalement anatomique. En recherche, ces derni\u00e8res ann\u00e9es, les tendances principales en technologie IRM ont \u00e9t\u00e9\u00a0: 1- la r\u00e9duction du temps d\u2019acquisition associ\u00e9e \u00e0 des m\u00e9thodes de sous \u00e9chantillonnage de l\u2019espace-k associ\u00e9es \u00e0 des reconstructions non lin\u00e9aires (eg Compressed Sensing) d\u2019image, 2- la mise \u00e0 profit de cette acc\u00e9l\u00e9ration de l\u2019acquisition pour g\u00e9n\u00e9rer des images multi-param\u00e9triques dans des temps plus courts et pour r\u00e9duire l\u2019utilisation d\u2019agents de contrastes exog\u00e8nes, 3- le d\u00e9veloppement de m\u00e9thodes d\u2019analyses automatis\u00e9es des images (machine learning et deep learning). Malgr\u00e9 ces d\u00e9veloppements\u00a0: 1- l\u2019IRM reste insuffisamment d\u00e9mocratis\u00e9e, principalement \u00e0 cause du co\u00fbt \u00e9lev\u00e9 des appareillages cliniques op\u00e9rant \u00e0 1.5T ou sup\u00e9rieur. Il convient d\u2019envisager d\u2019autres approches pour faire \u00e9voluer cette situation. 2- l\u2019IRM quantitative reste encore insuffisamment reproductible et sp\u00e9cifique, notamment \u00e0 cause des probl\u00e8mes de mouvements physiologiques (respiration, mouvement du patient, contraction cardiaque). Un travail m\u00e9thodologique de physique de l\u2019IRM et de reconstruction d\u2019image reste donc \u00e0 effectuer, avec pour objectif d\u2019optimiser dynamiquement l\u2019acquisition afin d\u2019am\u00e9liorer la qualit\u00e9 des images et la reproductibilit\u00e9 des r\u00e9sultats. 3- l\u2019acc\u00e9l\u00e9ration des techniques d\u2019acquisition et de reconstruction d\u2019image permet le d\u00e9veloppement de nouvelles applications de l\u2019IRM pour la radiologie interventionnelle, notamment pour guider des interventions mini- et non-invasives comme la thermoth\u00e9rapie. L\u2019IRM quantitative temps r\u00e9el permet \u00e9galement d\u2019ouvrir de nouvelles possibilit\u00e9s applicatives en IRM fonctionnelle c\u00e9r\u00e9brale. Le projet de l\u2019\u00e9quipe vise \u00e0 d\u00e9velopper ces diff\u00e9rentes th\u00e9matiques sous plusieurs axes. L\u2019originalit\u00e9 de l\u2019\u00e9quipe \u00ab iMRT \u00bb repose sur des comp\u00e9tences pluridisciplinaires synth\u00e9tisant l\u2019ensemble des techniques et savoirs associ\u00e9s \u00e0 l\u2019IRM. Nos travaux visent \u00e0 am\u00e9liorer toute la chaine d\u2019acquisition, \u00e0 la fois via le d\u00e9veloppement instrumental et le d\u00e9veloppement biochimique d\u2019agents de contraste et via le d\u00e9veloppement de nouvelles m\u00e9thodes d\u2019acquisition des donn\u00e9es et l\u2019int\u00e9gration de traitements du signal et de donn\u00e9es en temps r\u00e9el. Une autre caract\u00e9ristique de l\u2019\u00e9quipe s\u2019appuie sur l\u2019utilisation d\u2019une large gamme de champs magn\u00e9tiques, allant de 200\u00b5T \u00e0 9,4T. Les aimants \u00e0 0,2T et 9,4T sont des syst\u00e8mes atypiques et uniques en France. Un projet de d\u00e9veloppement d\u2019un syst\u00e8me d\u2019imagerie \u00e0 champ proche du champ terrestre (ULF, Ultra-Low Field) financ\u00e9 par l&rsquo;Europe (H2020 &#8211; Fetopen) a permis de renforcer cet atout de notre laboratoire. L\u2019ensemble de ces \u00e9quipements de (ultra) bas et haut champ magn\u00e9tique devrait permettre d\u2019adapter des m\u00e9thodes existantes, de d\u00e9velopper des m\u00e9thodes sp\u00e9cifiques pour r\u00e9pondre \u00e0 chaque contrainte impos\u00e9e par le champ magn\u00e9tique, et ainsi r\u00e9duire les limitations de l&rsquo;IRM. L\u2019am\u00e9lioration vis\u00e9e par ces recherches sur toutes les \u00e9tapes de la formation d\u2019une image est bas\u00e9e sur la capacit\u00e9 de l\u2019\u00e9quipe \u00e0 r\u00e9aliser des exp\u00e9riences totalement originales pour d\u00e9montrer par IRM des concepts scientifiques en physique, biologie et m\u00e9decine. L\u2019\u00e9quipe dispose d\u2019une composante exp\u00e9rimentale unique et le d\u00e9montre par sa diversit\u00e9 d\u2019applications sur le vivant : de l\u2019organe excis\u00e9, \u00e0 l\u2019animal entier et jusqu\u2019\u00e0 l\u2019homme. Ceci permet d\u2019\u00e9largir les champs d\u2019applications des m\u00e9thodes d\u00e9velopp\u00e9es, d\u2019\u00e9valuer leur robustesse sur diff\u00e9rents mod\u00e8les, et potentiellement de favoriser leur transfert du pr\u00e9clinique vers la clinique. Cette \u00e9quipe est donc articul\u00e9e autour de l\u2019avanc\u00e9e de la technologie IRM afin de d\u00e9velopper l\u2019IRM de demain.\u00a0 Cette \u00e9quipe regroupe plusieurs scientifiques, dont des chercheurs et des ing\u00e9nieurs qui sont regroup\u00e9s par axe de recherche de pr\u00e9dilection, sans que leur appartenance \u00e0 celui-ci soit exclusive.<\/p>\n","protected":false},"author":1,"featured_media":0,"parent":17,"menu_order":1,"comment_status":"closed","ping_status":"closed","template":"","meta":{"site-sidebar-layout":"right-sidebar","site-content-layout":"","ast-site-content-layout":"","site-content-style":"default","site-sidebar-style":"default","ast-global-header-display":"","ast-banner-title-visibility":"","ast-main-header-display":"","ast-hfb-above-header-display":"","ast-hfb-below-header-display":"","ast-hfb-mobile-header-display":"","site-post-title":"","ast-breadcrumbs-content":"","ast-featured-img":"","footer-sml-layout":"","theme-transparent-header-meta":"","adv-header-id-meta":"","stick-header-meta":"","header-above-stick-meta":"","header-main-stick-meta":"","header-below-stick-meta":"","astra-migrate-meta-layouts":"","ast-page-background-enabled":"default","ast-page-background-meta":{"desktop":{"background-color":"var(--ast-global-color-4)","background-image":"","background-repeat":"repeat","background-position":"center center","background-size":"auto","background-attachment":"scroll","background-type":"","background-media":"","overlay-type":"","overlay-color":"","overlay-gradient":""},"tablet":{"background-color":"","background-image":"","background-repeat":"repeat","background-position":"center center","background-size":"auto","background-attachment":"scroll","background-type":"","background-media":"","overlay-type":"","overlay-color":"","overlay-gradient":""},"mobile":{"background-color":"","background-image":"","background-repeat":"repeat","background-position":"center center","background-size":"auto","background-attachment":"scroll","background-type":"","background-media":"","overlay-type":"","overlay-color":"","overlay-gradient":""}},"ast-content-background-meta":{"desktop":{"background-color":"var(--ast-global-color-5)","background-image":"","background-repeat":"repeat","background-position":"center center","background-size":"auto","background-attachment":"scroll","background-type":"","background-media":"","overlay-type":"","overlay-color":"","overlay-gradient":""},"tablet":{"background-color":"var(--ast-global-color-5)","background-image":"","background-repeat":"repeat","background-position":"center center","background-size":"auto","background-attachment":"scroll","background-type":"","background-media":"","overlay-type":"","overlay-color":"","overlay-gradient":""},"mobile":{"background-color":"var(--ast-global-color-5)","background-image":"","background-repeat":"repeat","background-position":"center center","background-size":"auto","background-attachment":"scroll","background-type":"","background-media":"","overlay-type":"","overlay-color":"","overlay-gradient":""}},"footnotes":""},"_links":{"self":[{"href":"https:\/\/www.rmsb.u-bordeaux.fr\/fr\/wp-json\/wp\/v2\/pages\/507"}],"collection":[{"href":"https:\/\/www.rmsb.u-bordeaux.fr\/fr\/wp-json\/wp\/v2\/pages"}],"about":[{"href":"https:\/\/www.rmsb.u-bordeaux.fr\/fr\/wp-json\/wp\/v2\/types\/page"}],"author":[{"embeddable":true,"href":"https:\/\/www.rmsb.u-bordeaux.fr\/fr\/wp-json\/wp\/v2\/users\/1"}],"replies":[{"embeddable":true,"href":"https:\/\/www.rmsb.u-bordeaux.fr\/fr\/wp-json\/wp\/v2\/comments?post=507"}],"version-history":[{"count":35,"href":"https:\/\/www.rmsb.u-bordeaux.fr\/fr\/wp-json\/wp\/v2\/pages\/507\/revisions"}],"predecessor-version":[{"id":1765,"href":"https:\/\/www.rmsb.u-bordeaux.fr\/fr\/wp-json\/wp\/v2\/pages\/507\/revisions\/1765"}],"up":[{"embeddable":true,"href":"https:\/\/www.rmsb.u-bordeaux.fr\/fr\/wp-json\/wp\/v2\/pages\/17"}],"wp:attachment":[{"href":"https:\/\/www.rmsb.u-bordeaux.fr\/fr\/wp-json\/wp\/v2\/media?parent=507"}],"curies":[{"name":"wp","href":"https:\/\/api.w.org\/{rel}","templated":true}]}}