{"id":884,"date":"2023-12-18T10:34:38","date_gmt":"2023-12-18T10:34:38","guid":{"rendered":"http:\/\/192.168.10.216\/?page_id=884"},"modified":"2024-03-14T14:04:31","modified_gmt":"2024-03-14T13:04:31","slug":"imagerie-a-champs-faibles","status":"publish","type":"page","link":"https:\/\/www.rmsb.u-bordeaux.fr\/fr\/la-recherche\/equipe-imrt\/imagerie-a-champs-faibles\/","title":{"rendered":"Imagerie \u00e0 champs faibles"},"content":{"rendered":"\t\t<div data-elementor-type=\"wp-page\" data-elementor-id=\"884\" class=\"elementor elementor-884\">\n\t\t\t\t<div class=\"elementor-element elementor-element-a0e94d9 e-flex e-con-boxed wpr-particle-no wpr-jarallax-no wpr-parallax-no wpr-sticky-section-no e-con e-parent\" data-id=\"a0e94d9\" data-element_type=\"container\">\n\t\t\t\t\t<div class=\"e-con-inner\">\n\t\t\t\t<div class=\"elementor-element elementor-element-9e6f35d elementor-widget elementor-widget-heading\" data-id=\"9e6f35d\" data-element_type=\"widget\" data-widget_type=\"heading.default\">\n\t\t\t\t<div class=\"elementor-widget-container\">\n\t\t\t<style>\/*! elementor - v3.21.0 - 26-05-2024 *\/\n.elementor-heading-title{padding:0;margin:0;line-height:1}.elementor-widget-heading .elementor-heading-title[class*=elementor-size-]>a{color:inherit;font-size:inherit;line-height:inherit}.elementor-widget-heading .elementor-heading-title.elementor-size-small{font-size:15px}.elementor-widget-heading .elementor-heading-title.elementor-size-medium{font-size:19px}.elementor-widget-heading .elementor-heading-title.elementor-size-large{font-size:29px}.elementor-widget-heading .elementor-heading-title.elementor-size-xl{font-size:39px}.elementor-widget-heading .elementor-heading-title.elementor-size-xxl{font-size:59px}<\/style><h1 class=\"elementor-heading-title elementor-size-default\">Imagerie \u00e0 champs faibles<\/h1>\t\t<\/div>\n\t\t\t\t<\/div>\n\t\t\t\t\t<\/div>\n\t\t\t\t<\/div>\n\t\t<div class=\"elementor-element elementor-element-48ab14e1 e-flex e-con-boxed wpr-particle-no wpr-jarallax-no wpr-parallax-no wpr-sticky-section-no e-con e-parent\" data-id=\"48ab14e1\" data-element_type=\"container\">\n\t\t\t\t\t<div class=\"e-con-inner\">\n\t\t\t\t<div class=\"elementor-element elementor-element-317f8856 elementor-widget elementor-widget-text-editor\" data-id=\"317f8856\" data-element_type=\"widget\" data-widget_type=\"text-editor.default\">\n\t\t\t\t<div class=\"elementor-widget-container\">\n\t\t\t<style>\/*! elementor - v3.21.0 - 26-05-2024 *\/\n.elementor-widget-text-editor.elementor-drop-cap-view-stacked .elementor-drop-cap{background-color:#69727d;color:#fff}.elementor-widget-text-editor.elementor-drop-cap-view-framed .elementor-drop-cap{color:#69727d;border:3px solid;background-color:transparent}.elementor-widget-text-editor:not(.elementor-drop-cap-view-default) .elementor-drop-cap{margin-top:8px}.elementor-widget-text-editor:not(.elementor-drop-cap-view-default) .elementor-drop-cap-letter{width:1em;height:1em}.elementor-widget-text-editor .elementor-drop-cap{float:left;text-align:center;line-height:1;font-size:50px}.elementor-widget-text-editor .elementor-drop-cap-letter{display:inline-block}<\/style>\t\t\t\t<!-- wp:paragraph -->\n<p>Axe dirig\u00e9 par Philippe Massot et Jean-Michel Franconi<\/p>\n<!-- \/wp:paragraph -->\n\n<!-- wp:list -->\n<ul><!-- wp:list-item -->\n<li><strong>Innovations en IRM \u00e0 champ faible<\/strong>&nbsp;\/&nbsp;<strong>Innovations in (Ultra) Low Field MRI<\/strong><\/li>\n<!-- \/wp:list-item --><\/ul>\n<!-- \/wp:list -->\n\n<!-- wp:paragraph -->\n<p>En pratique clinique, l\u2019IRM est rarement utilis\u00e9e en premi\u00e8re intention, notamment en raison de son co\u00fbt. Les \u00e9quipements conventionnels d\u2019IRM sont encore peu nombreux sur le territoire fran\u00e7ais compar\u00e9s \u00e0 d\u2019autres techniques d\u2019imagerie, et le d\u00e9lai pour r\u00e9aliser ce type d\u2019examen est de l\u2019ordre de 36 jours. Malgr\u00e9 la qualit\u00e9 d\u2019image au regard de contrastes saisissants, la limitation majeure de l\u2019IRM est que le rapport signal-sur-bruit des images est naturellement extr\u00eamement faible m\u00eame s\u2019il augmente lin\u00e9airement avec le champ magn\u00e9tique. La tendance actuelle pour surmonter ce verrou est d\u2019utiliser des aimants de plus en plus intenses qui font cro\u00eetre les co\u00fbts, \u00e0 la fois en termes d\u2019achat et de maintenance.<\/p>\n<!-- \/wp:paragraph -->\t\t\t\t\t\t<\/div>\n\t\t\t\t<\/div>\n\t\t\t\t\t<\/div>\n\t\t\t\t<\/div>\n\t\t<div class=\"elementor-element elementor-element-090efa7 e-flex e-con-boxed wpr-particle-no wpr-jarallax-no wpr-parallax-no wpr-sticky-section-no e-con e-parent\" data-id=\"090efa7\" data-element_type=\"container\">\n\t\t\t\t\t<div class=\"e-con-inner\">\n\t\t\t\t<div class=\"elementor-element elementor-element-619f334 elementor-widget elementor-widget-image\" data-id=\"619f334\" data-element_type=\"widget\" data-widget_type=\"image.default\">\n\t\t\t\t<div class=\"elementor-widget-container\">\n\t\t\t<style>\/*! elementor - v3.21.0 - 26-05-2024 *\/\n.elementor-widget-image{text-align:center}.elementor-widget-image a{display:inline-block}.elementor-widget-image a img[src$=\".svg\"]{width:48px}.elementor-widget-image img{vertical-align:middle;display:inline-block}<\/style>\t\t\t\t\t\t\t\t\t\t<img fetchpriority=\"high\" decoding=\"async\" width=\"689\" height=\"566\" src=\"https:\/\/www.rmsb.u-bordeaux.fr\/wp-content\/uploads\/2023\/12\/word-image.png\" class=\"attachment-large size-large wp-image-902\" alt=\"\" srcset=\"https:\/\/www.rmsb.u-bordeaux.fr\/wp-content\/uploads\/2023\/12\/word-image.png 689w, https:\/\/www.rmsb.u-bordeaux.fr\/wp-content\/uploads\/2023\/12\/word-image-300x246.png 300w\" sizes=\"(max-width: 689px) 100vw, 689px\" \/>\t\t\t\t\t\t\t\t\t\t\t\t\t<\/div>\n\t\t\t\t<\/div>\n\t\t\t\t\t<\/div>\n\t\t\t\t<\/div>\n\t\t<div class=\"elementor-element elementor-element-ab4cba8 e-flex e-con-boxed wpr-particle-no wpr-jarallax-no wpr-parallax-no wpr-sticky-section-no e-con e-parent\" data-id=\"ab4cba8\" data-element_type=\"container\">\n\t\t\t\t\t<div class=\"e-con-inner\">\n\t\t\t\t<div class=\"elementor-element elementor-element-9b1a73f elementor-widget elementor-widget-text-editor\" data-id=\"9b1a73f\" data-element_type=\"widget\" data-widget_type=\"text-editor.default\">\n\t\t\t\t<div class=\"elementor-widget-container\">\n\t\t\t\t\t\t\t<p>De plus, les syst\u00e8mes actuels sont tr\u00e8s difficilement utilisables en dehors des communaut\u00e9s urbaines des pays industrialis\u00e9s, ce qui la rend pratiquement inaccessible aux pays \u00e9mergents. Une plus grande accessibilit\u00e9 de l\u2019IRM consisterait ainsi \u00e0 construire des syst\u00e8mes plus simples, op\u00e9rant \u00e0 champ tr\u00e8s faible.<\/p>\n<p>Dans ces conditions, le probl\u00e8me de sensibilit\u00e9 devient majeur, et il convient d\u2019y rem\u00e9dier par deux voies possibles parmi d\u2019autres : l\u2019augmentation significative du signal disponible dans l\u2019\u00e9chantillon et\/ou l\u2019utilisation de capteurs hyper-efficients.<\/p>\n<p>Les deux approches sont d\u00e9j\u00e0 explor\u00e9es dans le laboratoire. Une des voies est d\u2019utiliser l\u2019effet Overhauser pour effectuer une polarisation dynamique (PDN) \u00e0 partir d\u2019\u00e9lectrons non-appari\u00e9s situ\u00e9s sur des radicaux libres stables non toxiques vers les noyaux d\u2019hydrog\u00e8ne de l\u2019eau \u00e0 proximit\u00e9 et rehausser leur signal. La deuxi\u00e8me voie est d\u2019utiliser la technologie SQUID (super conducting Quantum Interference Device) en r\u00e9seau (SQIF) pour am\u00e9liorer de fa\u00e7on drastique la d\u00e9tection en conditions normales de polarisation \u00e0 champ faible.<\/p>\n<p>Ainsi le projet de l\u2019axe \u00ab\u00a0Innovations en IRM \u00e0 champ faible\u00a0\u00bb se d\u00e9clinera selon deux approches compl\u00e9mentaires\u00a0:<\/p>\n<p><em>La Polarisation dynamique \u00e0 champ faible.<\/em>\u00a0Nos exp\u00e9riences fructueuses effectu\u00e9es \u00e0 champ faible (0.2 T), notamment pour d\u00e9tecter des activit\u00e9 enzymatiques chez le rongeur ne peuvent en l\u2019\u00e9tat pas \u00eatre transf\u00e9r\u00e9es \u00e0 de plus gros animaux ou l\u2019humain en raison des fr\u00e9quences trop \u00e9lev\u00e9es utilis\u00e9es pour exciter l\u2019\u00e9lectron. Par contre la polarisation dynamique peut fonctionner \u00e0 champ et fr\u00e9quence beaucoup plus faibles d\u2019autant que les facteurs de rehaussement du signal en PDN croissent lorsque le champ diminue. Des exp\u00e9riences de faisabilit\u00e9 \u00e0 champ terrestre (45\u00b5T) ont permis d\u2019obtenir un financement europ\u00e9en FETOPEN ( projet Primoga\u00efa). Un des objectifs du projet est de concevoir une nouvelle instrumentation permettant de faire de l\u2019IRM de pr\u00e9polarisation magn\u00e9tique et dynamique \u00e0 champ (quasi)-terrestre (200 \u00b5T) afin de rehausser le signal dans la ou les zones o\u00f9 se produisent une activit\u00e9 biologique donn\u00e9e (la prot\u00e9olyse \u00e0 l\u2019heure actuelle, qui lorsqu\u2019elle est anormale est un bio-marqueur de pathologies inflammatoires par exemple). Le projet lorsqu\u2019il sera \u00e0 terme constituera un syst\u00e8me d\u2019IRM par pr\u00e9polarisation qui permettra d\u2019explorer de nouveaux contrastes (en collaboration avec l\u2019axe \u00ab\u00a0Agents de Contraste et de th\u00e9ranostique\u00a0\u00bb) avec une forte valeur ajout\u00e9e en terme de sp\u00e9cificit\u00e9 sur le versant biologique.<\/p>\n<p>Hypersensibilit\u00e9 de d\u00e9tection. En parall\u00e8le, il conviendra de d\u00e9velopper une alternative \u00e0 la PDN pour d\u00e9tecter tous les signaux \u00e0 champ faible d\u2019imagerie anatomique sans souci de sp\u00e9cificit\u00e9 biologique. Les gains en sensibilit\u00e9 \u00e0 atteindre sont de l\u2019ordre de 10000 et l\u2019approche SQIF (SQUID en r\u00e9seaux) \u00e0 haute temp\u00e9rature critique est en cours d\u2019\u00e9valuation au laboratoire, avec la construction d\u2019un cryostat d\u00e9di\u00e9 \u00e0 0.2T. \u00c0 l\u2019avenir nous envisageons d\u2019utiliser des capteurs SQIF \u00e0 basse temp\u00e9rature critique pour am\u00e9liorer les performances du capteur et diminuer ainsi le champ de polarisation. En premi\u00e8re intention, le syst\u00e8me SQIF pourrait s\u2019adapter \u00e0 toute antenne de d\u00e9tection classique des signaux d\u2019IRM, et ainsi pourra \u00eatre test\u00e9 \u00e0 0,2T, mais ce type de capteur n\u2019apporte en principe sa contribution qu\u2019aux champs tr\u00e8s faibles, et ce sera l\u2019objectif de le d\u00e9montrer. En cas de succ\u00e8s, ces capteurs pourraient \u00eatre int\u00e9gr\u00e9s au syst\u00e8me d\u2019IRM corps entier \u00e0 champ terrestre.<\/p>\n<p>Ces travaux devraient ainsi mener \u00e0 l\u2019IRM de demain, d\u00e9pla\u00e7able, plus \u00e9cologique et \u00e0 co\u00fbt r\u00e9duit.<\/p>\n<p><strong>Personnes impliqu\u00e9es\u00a0:<\/strong><\/p>\n<ul>\n<li>Philippe Massot (IEHC CNRS) <a href=\"https:\/\/orcid.org\/0000-0002-5297-8938\">ORCID : 0000-0002-5297-8938<\/a><\/li>\n<li>Jean-Michel Franconi (Pr)<\/li>\n<li>Elodie Parzy (MDC) <a href=\"https:\/\/orcid.org\/0000-0003-4502-9272\">ORCID : 0000-0003-4502-9272<\/a><\/li>\n<li>Eric Thiaudi\u00e8re (Pr) <a href=\"https:\/\/orcid.org\/0000-0002-9993-4035\">ORCID :\u00a00000-0002-9993-4035<\/a><\/li>\n<\/ul>\n<p><strong>Financements\u00a0:<\/strong><\/p>\n<ul>\n<li>Europe PrimoGAIA<\/li>\n<\/ul>\n<p><strong>Collaborations\u00a0:<\/strong><\/p>\n<ul>\n<li>UMR 7273 : Institut de Chimie radicalaire CNRS-Aix-Marseille Universit\u00e9<\/li>\n<li>Pure Devices (Entreprise Allemande)<\/li>\n<li>Stellar (Entreprise italienne)<\/li>\n<li>Fraunhofer University<\/li>\n<li>Universit\u00e9 de Mons<\/li>\n<\/ul>\n<p><strong>Doctorants\/Post-doctorants\u00a0:<\/strong><\/p>\n<ul>\n<li>Joyce Pokong Touyam (PhD, 2023-2026)<\/li>\n<\/ul>\n<p><strong>Anciens membres:<\/strong><\/p>\n<ul>\n<li>Dahmane Boudries (2020-2023)<\/li>\n<li>Aim\u00e9 Labb\u00e9 (2016-2019)<\/li>\n<\/ul>\n<div class=\"voirAussi\"><strong><strong>Publications :<\/strong><\/strong>\n<div>P.Massot : <a tabindex=\"-1\" href=\"https:\/\/pubmed.ncbi.nlm.nih.gov\/?term=Massot+p&amp;sort=date\" target=\"_blank\" rel=\"external nofollow noopener noreferrer\">https:\/\/pubmed.ncbi.nlm.nih.gov\/?term=Massot+p&amp;sort=date<\/a><\/div>\n<div><span style=\"font-size: 16px;\">E.Parzy : <\/span><a style=\"font-size: 16px; background-color: #ffffff;\" tabindex=\"-1\" href=\"https:\/\/pubmed.ncbi.nlm.nih.gov\/?term=parzy+e&amp;sort=date\" target=\"_blank\" rel=\"external nofollow noopener noreferrer\">https:\/\/pubmed.ncbi.nlm.nih.gov\/?term=parzy+e&amp;sort=date<\/a><\/div>\n<\/div>\n<div>E.Thiaudi\u00e8re\u00a0 : <a tabindex=\"-1\" href=\"https:\/\/pubmed.ncbi.nlm.nih.gov\/?term=thiaudi%C3%A8re+e&amp;sort=date\" target=\"_blank\" rel=\"external nofollow noopener noreferrer\">https:\/\/pubmed.ncbi.nlm.nih.gov\/?term=thiaudi\u00e8re+e&amp;sort=date<\/a><\/div>\n<div>JM.Franconi : <a tabindex=\"-1\" href=\"https:\/\/pubmed.ncbi.nlm.nih.gov\/?term=franconi+jm&amp;sort=date\" target=\"_blank\" rel=\"external nofollow noopener noreferrer\">https:\/\/pubmed.ncbi.nlm.nih.gov\/?term=franconi+jm&amp;sort=date<\/a><\/div>\t\t\t\t\t\t<\/div>\n\t\t\t\t<\/div>\n\t\t\t\t\t<\/div>\n\t\t\t\t<\/div>\n\t\t\t\t<\/div>\n\t\t","protected":false},"excerpt":{"rendered":"<p>Imagerie \u00e0 champs faibles Axe dirig\u00e9 par Philippe Massot et Jean-Michel Franconi En pratique clinique, l\u2019IRM est rarement utilis\u00e9e en premi\u00e8re intention, notamment en raison de son co\u00fbt. Les \u00e9quipements conventionnels d\u2019IRM sont encore peu nombreux sur le territoire fran\u00e7ais compar\u00e9s \u00e0 d\u2019autres techniques d\u2019imagerie, et le d\u00e9lai pour r\u00e9aliser ce type d\u2019examen est de l\u2019ordre de 36 jours. Malgr\u00e9 la qualit\u00e9 d\u2019image au regard de contrastes saisissants, la limitation majeure de l\u2019IRM est que le rapport signal-sur-bruit des images est naturellement extr\u00eamement faible m\u00eame s\u2019il augmente lin\u00e9airement avec le champ magn\u00e9tique. La tendance actuelle pour surmonter ce verrou est d\u2019utiliser des aimants de plus en plus intenses qui font cro\u00eetre les co\u00fbts, \u00e0 la fois en termes d\u2019achat et de maintenance. De plus, les syst\u00e8mes actuels sont tr\u00e8s difficilement utilisables en dehors des communaut\u00e9s urbaines des pays industrialis\u00e9s, ce qui la rend pratiquement inaccessible aux pays \u00e9mergents. Une plus grande accessibilit\u00e9 de l\u2019IRM consisterait ainsi \u00e0 construire des syst\u00e8mes plus simples, op\u00e9rant \u00e0 champ tr\u00e8s faible. Dans ces conditions, le probl\u00e8me de sensibilit\u00e9 devient majeur, et il convient d\u2019y rem\u00e9dier par deux voies possibles parmi d\u2019autres : l\u2019augmentation significative du signal disponible dans l\u2019\u00e9chantillon et\/ou l\u2019utilisation de capteurs hyper-efficients. Les deux approches sont d\u00e9j\u00e0 explor\u00e9es dans le laboratoire. Une des voies est d\u2019utiliser l\u2019effet Overhauser pour effectuer une polarisation dynamique (PDN) \u00e0 partir d\u2019\u00e9lectrons non-appari\u00e9s situ\u00e9s sur des radicaux libres stables non toxiques vers les noyaux d\u2019hydrog\u00e8ne de l\u2019eau \u00e0 proximit\u00e9 et rehausser leur signal. La deuxi\u00e8me voie est d\u2019utiliser la technologie SQUID (super conducting Quantum Interference Device) en r\u00e9seau (SQIF) pour am\u00e9liorer de fa\u00e7on drastique la d\u00e9tection en conditions normales de polarisation \u00e0 champ faible. Ainsi le projet de l\u2019axe \u00ab\u00a0Innovations en IRM \u00e0 champ faible\u00a0\u00bb se d\u00e9clinera selon deux approches compl\u00e9mentaires\u00a0: La Polarisation dynamique \u00e0 champ faible.\u00a0Nos exp\u00e9riences fructueuses effectu\u00e9es \u00e0 champ faible (0.2 T), notamment pour d\u00e9tecter des activit\u00e9 enzymatiques chez le rongeur ne peuvent en l\u2019\u00e9tat pas \u00eatre transf\u00e9r\u00e9es \u00e0 de plus gros animaux ou l\u2019humain en raison des fr\u00e9quences trop \u00e9lev\u00e9es utilis\u00e9es pour exciter l\u2019\u00e9lectron. Par contre la polarisation dynamique peut fonctionner \u00e0 champ et fr\u00e9quence beaucoup plus faibles d\u2019autant que les facteurs de rehaussement du signal en PDN croissent lorsque le champ diminue. Des exp\u00e9riences de faisabilit\u00e9 \u00e0 champ terrestre (45\u00b5T) ont permis d\u2019obtenir un financement europ\u00e9en FETOPEN ( projet Primoga\u00efa). Un des objectifs du projet est de concevoir une nouvelle instrumentation permettant de faire de l\u2019IRM de pr\u00e9polarisation magn\u00e9tique et dynamique \u00e0 champ (quasi)-terrestre (200 \u00b5T) afin de rehausser le signal dans la ou les zones o\u00f9 se produisent une activit\u00e9 biologique donn\u00e9e (la prot\u00e9olyse \u00e0 l\u2019heure actuelle, qui lorsqu\u2019elle est anormale est un bio-marqueur de pathologies inflammatoires par exemple). Le projet lorsqu\u2019il sera \u00e0 terme constituera un syst\u00e8me d\u2019IRM par pr\u00e9polarisation qui permettra d\u2019explorer de nouveaux contrastes (en collaboration avec l\u2019axe \u00ab\u00a0Agents de Contraste et de th\u00e9ranostique\u00a0\u00bb) avec une forte valeur ajout\u00e9e en terme de sp\u00e9cificit\u00e9 sur le versant biologique. Hypersensibilit\u00e9 de d\u00e9tection. En parall\u00e8le, il conviendra de d\u00e9velopper une alternative \u00e0 la PDN pour d\u00e9tecter tous les signaux \u00e0 champ faible d\u2019imagerie anatomique sans souci de sp\u00e9cificit\u00e9 biologique. Les gains en sensibilit\u00e9 \u00e0 atteindre sont de l\u2019ordre de 10000 et l\u2019approche SQIF (SQUID en r\u00e9seaux) \u00e0 haute temp\u00e9rature critique est en cours d\u2019\u00e9valuation au laboratoire, avec la construction d\u2019un cryostat d\u00e9di\u00e9 \u00e0 0.2T. \u00c0 l\u2019avenir nous envisageons d\u2019utiliser des capteurs SQIF \u00e0 basse temp\u00e9rature critique pour am\u00e9liorer les performances du capteur et diminuer ainsi le champ de polarisation. En premi\u00e8re intention, le syst\u00e8me SQIF pourrait s\u2019adapter \u00e0 toute antenne de d\u00e9tection classique des signaux d\u2019IRM, et ainsi pourra \u00eatre test\u00e9 \u00e0 0,2T, mais ce type de capteur n\u2019apporte en principe sa contribution qu\u2019aux champs tr\u00e8s faibles, et ce sera l\u2019objectif de le d\u00e9montrer. En cas de succ\u00e8s, ces capteurs pourraient \u00eatre int\u00e9gr\u00e9s au syst\u00e8me d\u2019IRM corps entier \u00e0 champ terrestre. Ces travaux devraient ainsi mener \u00e0 l\u2019IRM de demain, d\u00e9pla\u00e7able, plus \u00e9cologique et \u00e0 co\u00fbt r\u00e9duit. Personnes impliqu\u00e9es\u00a0: Philippe Massot (IEHC CNRS) ORCID : 0000-0002-5297-8938 Jean-Michel Franconi (Pr) Elodie Parzy (MDC) ORCID : 0000-0003-4502-9272 Eric Thiaudi\u00e8re (Pr) ORCID :\u00a00000-0002-9993-4035 Financements\u00a0: Europe PrimoGAIA Collaborations\u00a0: UMR 7273 : Institut de Chimie radicalaire CNRS-Aix-Marseille Universit\u00e9 Pure Devices (Entreprise Allemande) Stellar (Entreprise italienne) Fraunhofer University Universit\u00e9 de Mons Doctorants\/Post-doctorants\u00a0: Joyce Pokong Touyam (PhD, 2023-2026) Anciens membres: Dahmane Boudries (2020-2023) Aim\u00e9 Labb\u00e9 (2016-2019) Publications : P.Massot : https:\/\/pubmed.ncbi.nlm.nih.gov\/?term=Massot+p&amp;sort=date E.Parzy : https:\/\/pubmed.ncbi.nlm.nih.gov\/?term=parzy+e&amp;sort=date E.Thiaudi\u00e8re\u00a0 : https:\/\/pubmed.ncbi.nlm.nih.gov\/?term=thiaudi\u00e8re+e&amp;sort=date JM.Franconi : https:\/\/pubmed.ncbi.nlm.nih.gov\/?term=franconi+jm&amp;sort=date<\/p>\n","protected":false},"author":1,"featured_media":0,"parent":507,"menu_order":2,"comment_status":"closed","ping_status":"closed","template":"","meta":{"site-sidebar-layout":"right-sidebar","site-content-layout":"","ast-site-content-layout":"","site-content-style":"default","site-sidebar-style":"default","ast-global-header-display":"","ast-banner-title-visibility":"","ast-main-header-display":"","ast-hfb-above-header-display":"","ast-hfb-below-header-display":"","ast-hfb-mobile-header-display":"","site-post-title":"","ast-breadcrumbs-content":"","ast-featured-img":"","footer-sml-layout":"","theme-transparent-header-meta":"","adv-header-id-meta":"","stick-header-meta":"","header-above-stick-meta":"","header-main-stick-meta":"","header-below-stick-meta":"","astra-migrate-meta-layouts":"","ast-page-background-enabled":"default","ast-page-background-meta":{"desktop":{"background-color":"var(--ast-global-color-4)","background-image":"","background-repeat":"repeat","background-position":"center center","background-size":"auto","background-attachment":"scroll","background-type":"","background-media":"","overlay-type":"","overlay-color":"","overlay-gradient":""},"tablet":{"background-color":"","background-image":"","background-repeat":"repeat","background-position":"center center","background-size":"auto","background-attachment":"scroll","background-type":"","background-media":"","overlay-type":"","overlay-color":"","overlay-gradient":""},"mobile":{"background-color":"","background-image":"","background-repeat":"repeat","background-position":"center center","background-size":"auto","background-attachment":"scroll","background-type":"","background-media":"","overlay-type":"","overlay-color":"","overlay-gradient":""}},"ast-content-background-meta":{"desktop":{"background-color":"var(--ast-global-color-5)","background-image":"","background-repeat":"repeat","background-position":"center center","background-size":"auto","background-attachment":"scroll","background-type":"","background-media":"","overlay-type":"","overlay-color":"","overlay-gradient":""},"tablet":{"background-color":"var(--ast-global-color-5)","background-image":"","background-repeat":"repeat","background-position":"center center","background-size":"auto","background-attachment":"scroll","background-type":"","background-media":"","overlay-type":"","overlay-color":"","overlay-gradient":""},"mobile":{"background-color":"var(--ast-global-color-5)","background-image":"","background-repeat":"repeat","background-position":"center center","background-size":"auto","background-attachment":"scroll","background-type":"","background-media":"","overlay-type":"","overlay-color":"","overlay-gradient":""}},"footnotes":""},"_links":{"self":[{"href":"https:\/\/www.rmsb.u-bordeaux.fr\/fr\/wp-json\/wp\/v2\/pages\/884"}],"collection":[{"href":"https:\/\/www.rmsb.u-bordeaux.fr\/fr\/wp-json\/wp\/v2\/pages"}],"about":[{"href":"https:\/\/www.rmsb.u-bordeaux.fr\/fr\/wp-json\/wp\/v2\/types\/page"}],"author":[{"embeddable":true,"href":"https:\/\/www.rmsb.u-bordeaux.fr\/fr\/wp-json\/wp\/v2\/users\/1"}],"replies":[{"embeddable":true,"href":"https:\/\/www.rmsb.u-bordeaux.fr\/fr\/wp-json\/wp\/v2\/comments?post=884"}],"version-history":[{"count":43,"href":"https:\/\/www.rmsb.u-bordeaux.fr\/fr\/wp-json\/wp\/v2\/pages\/884\/revisions"}],"predecessor-version":[{"id":1730,"href":"https:\/\/www.rmsb.u-bordeaux.fr\/fr\/wp-json\/wp\/v2\/pages\/884\/revisions\/1730"}],"up":[{"embeddable":true,"href":"https:\/\/www.rmsb.u-bordeaux.fr\/fr\/wp-json\/wp\/v2\/pages\/507"}],"wp:attachment":[{"href":"https:\/\/www.rmsb.u-bordeaux.fr\/fr\/wp-json\/wp\/v2\/media?parent=884"}],"curies":[{"name":"wp","href":"https:\/\/api.w.org\/{rel}","templated":true}]}}